{"id":1253,"date":"2023-12-18T09:49:21","date_gmt":"2023-12-18T08:49:21","guid":{"rendered":"https:\/\/www.montesapc.com\/?post_type=product&#038;p=1253"},"modified":"2025-10-06T09:39:51","modified_gmt":"2025-10-06T07:39:51","slug":"gres-g21","status":"publish","type":"product","link":"https:\/\/www.montesapc.com\/en\/product\/gres-g21\/","title":{"rendered":"GRES G21"},"content":{"rendered":"<p>BARBOTINA DE COLADO G21 .-<\/p>\n<p>Gres de coloraci\u00f3n blanca en cocci\u00f3n.<\/p>\n<p>Recomendada para cer\u00e1mica de uso decorativo y utilitario.<\/p>\n<p>Buena velocidad de formaci\u00f3n de capa.<\/p>\n<p>Apto para introducir en lavavajillas y mircroondas.<\/p>\n<p>Temperatura de cocci\u00f3n recomendada 1250\u00baC-1280\u00ba<\/p>\n<p><strong>Formato<\/strong>:<\/p>\n<p>&nbsp;<\/p>\n<p>&nbsp;<\/p>\n<p>&nbsp;<\/p>","protected":false},"excerpt":{"rendered":"<p>BARBOTINA DE COLADO G21 .- Gres de coloraci\u00f3n blanca en cocci\u00f3n. Recomendada para cer\u00e1mica de uso decorativo y utilitario. Buena velocidad de formaci\u00f3n de capa. Apto para introducir en lavavajillas y mircroondas. Temperatura de cocci\u00f3n recomendada 1250\u00baC-1280\u00ba Formato: &nbsp; &nbsp; &nbsp;<\/p>","protected":false},"featured_media":2839,"comment_status":"open","ping_status":"closed","template":"","meta":{"_acf_changed":false},"product_brand":[],"product_cat":[16,119],"product_tag":[],"class_list":{"0":"post-1253","1":"product","2":"type-product","3":"status-publish","4":"has-post-thumbnail","6":"product_cat-pastas-ceramicas","7":"product_cat-greses","9":"first","10":"instock","11":"shipping-taxable","12":"purchasable","13":"product-type-variable"},"acf":[],"_links":{"self":[{"href":"https:\/\/www.montesapc.com\/en\/wp-json\/wp\/v2\/product\/1253","targetHints":{"allow":["GET"]}}],"collection":[{"href":"https:\/\/www.montesapc.com\/en\/wp-json\/wp\/v2\/product"}],"about":[{"href":"https:\/\/www.montesapc.com\/en\/wp-json\/wp\/v2\/types\/product"}],"replies":[{"embeddable":true,"href":"https:\/\/www.montesapc.com\/en\/wp-json\/wp\/v2\/comments?post=1253"}],"wp:featuredmedia":[{"embeddable":true,"href":"https:\/\/www.montesapc.com\/en\/wp-json\/wp\/v2\/media\/2839"}],"wp:attachment":[{"href":"https:\/\/www.montesapc.com\/en\/wp-json\/wp\/v2\/media?parent=1253"}],"wp:term":[{"taxonomy":"product_brand","embeddable":true,"href":"https:\/\/www.montesapc.com\/en\/wp-json\/wp\/v2\/product_brand?post=1253"},{"taxonomy":"product_cat","embeddable":true,"href":"https:\/\/www.montesapc.com\/en\/wp-json\/wp\/v2\/product_cat?post=1253"},{"taxonomy":"product_tag","embeddable":true,"href":"https:\/\/www.montesapc.com\/en\/wp-json\/wp\/v2\/product_tag?post=1253"}],"curies":[{"name":"wp","href":"https:\/\/api.w.org\/{rel}","templated":true}]}}