{"id":1334,"date":"2024-01-04T11:53:06","date_gmt":"2024-01-04T10:53:06","guid":{"rendered":"https:\/\/www.montesapc.com\/?post_type=product&#038;p=1334"},"modified":"2025-12-15T12:52:48","modified_gmt":"2025-12-15T11:52:48","slug":"gres-gc-0-05-gris-125kg","status":"publish","type":"product","link":"https:\/\/www.montesapc.com\/en\/product\/gres-gc-0-05-gris-125kg\/","title":{"rendered":"GRES GC 0-0,5 GRIS (12,5Kg)"},"content":{"rendered":"<p>GRES GC 0-0,5 GRIS CEMENTO<\/p>\n<p>Pasta extrusionada adecuada para torno y modelado.<\/p>\n<p>Tambi\u00e9n esta recomendada para escultura y Rak\u00fa.<\/p>\n<p>Temperatura de cocci\u00f3n recomendada: 1260\u00ba-1280\u00baC.<\/p>\n<p><strong>Formato<\/strong>:<\/p>","protected":false},"excerpt":{"rendered":"<p>GRES GC 0-0,5 GRIS CEMENTO Pasta extrusionada adecuada para torno y modelado. Tambi\u00e9n esta recomendada para escultura y Rak\u00fa. Temperatura de cocci\u00f3n recomendada: 1260\u00ba-1280\u00baC. Formato:<\/p>","protected":false},"featured_media":4259,"comment_status":"open","ping_status":"closed","template":"","meta":{"_acf_changed":false},"product_brand":[],"product_cat":[16,119,125],"product_tag":[],"class_list":{"0":"post-1334","1":"product","2":"type-product","3":"status-publish","4":"has-post-thumbnail","6":"product_cat-pastas-ceramicas","7":"product_cat-greses","8":"product_cat-greses-alta-temperatura","10":"first","11":"instock","12":"shipping-taxable","13":"purchasable","14":"product-type-simple"},"acf":[],"_links":{"self":[{"href":"https:\/\/www.montesapc.com\/en\/wp-json\/wp\/v2\/product\/1334","targetHints":{"allow":["GET"]}}],"collection":[{"href":"https:\/\/www.montesapc.com\/en\/wp-json\/wp\/v2\/product"}],"about":[{"href":"https:\/\/www.montesapc.com\/en\/wp-json\/wp\/v2\/types\/product"}],"replies":[{"embeddable":true,"href":"https:\/\/www.montesapc.com\/en\/wp-json\/wp\/v2\/comments?post=1334"}],"wp:featuredmedia":[{"embeddable":true,"href":"https:\/\/www.montesapc.com\/en\/wp-json\/wp\/v2\/media\/4259"}],"wp:attachment":[{"href":"https:\/\/www.montesapc.com\/en\/wp-json\/wp\/v2\/media?parent=1334"}],"wp:term":[{"taxonomy":"product_brand","embeddable":true,"href":"https:\/\/www.montesapc.com\/en\/wp-json\/wp\/v2\/product_brand?post=1334"},{"taxonomy":"product_cat","embeddable":true,"href":"https:\/\/www.montesapc.com\/en\/wp-json\/wp\/v2\/product_cat?post=1334"},{"taxonomy":"product_tag","embeddable":true,"href":"https:\/\/www.montesapc.com\/en\/wp-json\/wp\/v2\/product_tag?post=1334"}],"curies":[{"name":"wp","href":"https:\/\/api.w.org\/{rel}","templated":true}]}}