{"id":1373,"date":"2024-01-10T09:22:23","date_gmt":"2024-01-10T08:22:23","guid":{"rendered":"https:\/\/www.montesapc.com\/?post_type=product&#038;p=1373"},"modified":"2025-11-05T09:45:09","modified_gmt":"2025-11-05T08:45:09","slug":"eka-06-102-esmalte-amarillo-brillo","status":"publish","type":"product","link":"https:\/\/www.montesapc.com\/en\/product\/eka-06-102-esmalte-amarillo-brillo\/","title":{"rendered":"EKA 06\/102 ESMALTE AMARILLO BRILLO"},"content":{"rendered":"<p>ESMALTE EKA 06\/102 AMARILLO<\/p>\n<p>Id\u00f3neo para inmersi\u00f3n<\/p>\n<p>Apto para cer\u00e1mica decorativa y utilitaria, (vajillas, tazas, platos, etc.)<\/p>\n<p>Temperatura cocci\u00f3n: 1250\u00ba &#8211; 1280\u00ba C<\/p>\n<p>Formato: 1Kg\/polvo<\/p>\n<p>&nbsp;<\/p>","protected":false},"excerpt":{"rendered":"<p>ESMALTE EKA 06\/102 AMARILLO Id\u00f3neo para inmersi\u00f3n Apto para cer\u00e1mica decorativa y utilitaria, (vajillas, tazas, platos, etc.) Temperatura cocci\u00f3n: 1250\u00ba &#8211; 1280\u00ba C Formato: 1Kg\/polvo &nbsp;<\/p>","protected":false},"featured_media":2489,"comment_status":"open","ping_status":"closed","template":"","meta":{"_acf_changed":false},"product_brand":[],"product_cat":[21,104,85],"product_tag":[],"class_list":{"0":"post-1373","1":"product","2":"type-product","3":"status-publish","4":"has-post-thumbnail","6":"product_cat-esmaltes-ceramicos","7":"product_cat-esmaltes-coloreados-brillo","8":"product_cat-esmaltes-alta-temperatura","10":"first","11":"instock","12":"shipping-taxable","13":"purchasable","14":"product-type-simple"},"acf":[],"_links":{"self":[{"href":"https:\/\/www.montesapc.com\/en\/wp-json\/wp\/v2\/product\/1373","targetHints":{"allow":["GET"]}}],"collection":[{"href":"https:\/\/www.montesapc.com\/en\/wp-json\/wp\/v2\/product"}],"about":[{"href":"https:\/\/www.montesapc.com\/en\/wp-json\/wp\/v2\/types\/product"}],"replies":[{"embeddable":true,"href":"https:\/\/www.montesapc.com\/en\/wp-json\/wp\/v2\/comments?post=1373"}],"wp:featuredmedia":[{"embeddable":true,"href":"https:\/\/www.montesapc.com\/en\/wp-json\/wp\/v2\/media\/2489"}],"wp:attachment":[{"href":"https:\/\/www.montesapc.com\/en\/wp-json\/wp\/v2\/media?parent=1373"}],"wp:term":[{"taxonomy":"product_brand","embeddable":true,"href":"https:\/\/www.montesapc.com\/en\/wp-json\/wp\/v2\/product_brand?post=1373"},{"taxonomy":"product_cat","embeddable":true,"href":"https:\/\/www.montesapc.com\/en\/wp-json\/wp\/v2\/product_cat?post=1373"},{"taxonomy":"product_tag","embeddable":true,"href":"https:\/\/www.montesapc.com\/en\/wp-json\/wp\/v2\/product_tag?post=1373"}],"curies":[{"name":"wp","href":"https:\/\/api.w.org\/{rel}","templated":true}]}}