{"id":1417,"date":"2024-01-11T13:17:51","date_gmt":"2024-01-11T12:17:51","guid":{"rendered":"https:\/\/www.montesapc.com\/?post_type=product&#038;p=1417"},"modified":"2025-07-29T07:33:52","modified_gmt":"2025-07-29T05:33:52","slug":"pasta-m5ch-impalpable-125kg","status":"publish","type":"product","link":"https:\/\/www.montesapc.com\/en\/product\/pasta-m5ch-impalpable-125kg\/","title":{"rendered":"PASTA M5CH IMPALPABLE (12,5Kg)"},"content":{"rendered":"<p>PASTA EXTRUSIONADA M5CH IMPALPABLE<\/p>\n<p>Pasta chamotada recomendada para piezas de gran formato.<\/p>\n<p>Baja contracci\u00f3n en secado y cocci\u00f3n.<\/p>\n<p>Adquiere un color extra blanco tras la cocci\u00f3n.<\/p>\n<p>Temperatura de cocci\u00f3n recomendada: 1020 \u00baC<\/p>\n<p><strong>Formato<\/strong>:<\/p>\n<p>Pastillas 12\u00b45 Kg<\/p>","protected":false},"excerpt":{"rendered":"<p>PASTA EXTRUSIONADA M5CH IMPALPABLE Pasta chamotada recomendada para piezas de gran formato. Baja contracci\u00f3n en secado y cocci\u00f3n. Adquiere un color extra blanco tras la cocci\u00f3n. Temperatura de cocci\u00f3n recomendada: 1020 \u00baC Formato: Pastillas 12\u00b45 Kg<\/p>","protected":false},"featured_media":2846,"comment_status":"open","ping_status":"closed","template":"","meta":{"_acf_changed":false},"product_brand":[],"product_cat":[16,17,40],"product_tag":[],"class_list":{"0":"post-1417","1":"product","2":"type-product","3":"status-publish","4":"has-post-thumbnail","6":"product_cat-pastas-ceramicas","7":"product_cat-pastas-ceramicas-blancas","8":"product_cat-pastas-ceramicas-blancas-baja","10":"first","11":"instock","12":"shipping-taxable","13":"purchasable","14":"product-type-simple"},"acf":[],"_links":{"self":[{"href":"https:\/\/www.montesapc.com\/en\/wp-json\/wp\/v2\/product\/1417","targetHints":{"allow":["GET"]}}],"collection":[{"href":"https:\/\/www.montesapc.com\/en\/wp-json\/wp\/v2\/product"}],"about":[{"href":"https:\/\/www.montesapc.com\/en\/wp-json\/wp\/v2\/types\/product"}],"replies":[{"embeddable":true,"href":"https:\/\/www.montesapc.com\/en\/wp-json\/wp\/v2\/comments?post=1417"}],"wp:featuredmedia":[{"embeddable":true,"href":"https:\/\/www.montesapc.com\/en\/wp-json\/wp\/v2\/media\/2846"}],"wp:attachment":[{"href":"https:\/\/www.montesapc.com\/en\/wp-json\/wp\/v2\/media?parent=1417"}],"wp:term":[{"taxonomy":"product_brand","embeddable":true,"href":"https:\/\/www.montesapc.com\/en\/wp-json\/wp\/v2\/product_brand?post=1417"},{"taxonomy":"product_cat","embeddable":true,"href":"https:\/\/www.montesapc.com\/en\/wp-json\/wp\/v2\/product_cat?post=1417"},{"taxonomy":"product_tag","embeddable":true,"href":"https:\/\/www.montesapc.com\/en\/wp-json\/wp\/v2\/product_tag?post=1417"}],"curies":[{"name":"wp","href":"https:\/\/api.w.org\/{rel}","templated":true}]}}