{"id":1439,"date":"2024-01-12T13:05:24","date_gmt":"2024-01-12T12:05:24","guid":{"rendered":"https:\/\/www.montesapc.com\/?post_type=product&#038;p=1439"},"modified":"2025-07-10T13:46:10","modified_gmt":"2025-07-10T11:46:10","slug":"gres-sg60-ocre-5kg","status":"publish","type":"product","link":"https:\/\/www.montesapc.com\/en\/product\/gres-sg60-ocre-5kg\/","title":{"rendered":"GRES SG60 OCRE (5Kg)"},"content":{"rendered":"<p>GRES OCRE SG60<\/p>\n<p>Gres de media temperatura con alta resistencia al choque mec\u00e1nico.<\/p>\n<p>Pasta extrusionada de bajo coste energ\u00e9tico .<\/p>\n<p>Adecuada tanto para torno como para modelado.<\/p>\n<p>Recomendada para cer\u00e1mica de uso decorativo y utilitario.<\/p>\n<p>Se puede introducir en lavavajillas y microondas.<\/p>\n<p>Temperatura de cocci\u00f3n recomendada 1080\u00ba-1100\u00baC<\/p>\n<p><strong>Formato<\/strong>:<\/p>\n<p>Pastilla de 5 Kg.<\/p>","protected":false},"excerpt":{"rendered":"<p>GRES OCRE SG60 Gres de media temperatura con alta resistencia al choque mec\u00e1nico. Pasta extrusionada de bajo coste energ\u00e9tico . Adecuada tanto para torno como para modelado. Recomendada para cer\u00e1mica de uso decorativo y utilitario. Se puede introducir en lavavajillas y microondas. Temperatura de cocci\u00f3n recomendada 1080\u00ba-1100\u00baC Formato: Pastilla de 5 Kg.<\/p>","protected":false},"featured_media":2818,"comment_status":"open","ping_status":"closed","template":"","meta":{"_acf_changed":false},"product_brand":[],"product_cat":[16,119,126,50],"product_tag":[],"class_list":{"0":"post-1439","1":"product","2":"type-product","3":"status-publish","4":"has-post-thumbnail","6":"product_cat-pastas-ceramicas","7":"product_cat-greses","8":"product_cat-greses-media-temperatura","9":"product_cat-pastas-ceramicas-coloreadas","11":"first","12":"instock","13":"shipping-taxable","14":"purchasable","15":"product-type-simple"},"acf":[],"_links":{"self":[{"href":"https:\/\/www.montesapc.com\/en\/wp-json\/wp\/v2\/product\/1439","targetHints":{"allow":["GET"]}}],"collection":[{"href":"https:\/\/www.montesapc.com\/en\/wp-json\/wp\/v2\/product"}],"about":[{"href":"https:\/\/www.montesapc.com\/en\/wp-json\/wp\/v2\/types\/product"}],"replies":[{"embeddable":true,"href":"https:\/\/www.montesapc.com\/en\/wp-json\/wp\/v2\/comments?post=1439"}],"wp:featuredmedia":[{"embeddable":true,"href":"https:\/\/www.montesapc.com\/en\/wp-json\/wp\/v2\/media\/2818"}],"wp:attachment":[{"href":"https:\/\/www.montesapc.com\/en\/wp-json\/wp\/v2\/media?parent=1439"}],"wp:term":[{"taxonomy":"product_brand","embeddable":true,"href":"https:\/\/www.montesapc.com\/en\/wp-json\/wp\/v2\/product_brand?post=1439"},{"taxonomy":"product_cat","embeddable":true,"href":"https:\/\/www.montesapc.com\/en\/wp-json\/wp\/v2\/product_cat?post=1439"},{"taxonomy":"product_tag","embeddable":true,"href":"https:\/\/www.montesapc.com\/en\/wp-json\/wp\/v2\/product_tag?post=1439"}],"curies":[{"name":"wp","href":"https:\/\/api.w.org\/{rel}","templated":true}]}}