{"id":272,"date":"2023-07-17T17:00:38","date_gmt":"2023-07-17T15:00:38","guid":{"rendered":"https:\/\/neftis.com.es\/montesa\/producto\/emc-08-005-1-esmalte-naranja-intenso-cd-se\/"},"modified":"2025-11-14T11:00:40","modified_gmt":"2025-11-14T10:00:40","slug":"emc-08-005-1-esmalte-naranja-intenso-cd-se","status":"publish","type":"product","link":"https:\/\/www.montesapc.com\/en\/product\/emc-08-005-1-esmalte-naranja-intenso-cd-se\/","title":{"rendered":"EMC 08\/005.1 &#8211; ESMALTE NARANJA INTENSO Cd\/Se"},"content":{"rendered":"<p>ESMALTE EMC 08\/005.1 NARANJA INTENSO Cd\/Se<\/p>\n<p>Id\u00f3neo para inmersi\u00f3n<\/p>\n<p>Apto para cer\u00e1mica decorativa<\/p>\n<p>Temperatura cocci\u00f3n: 980\u00ba &#8211; 1000\u00ba C<\/p>\n<p>Formato: 1Kg \/ polvo<\/p>","protected":false},"excerpt":{"rendered":"<p>ESMALTE EMC 08\/005.1 NARANJA INTENSO Cd\/Se Id\u00f3neo para inmersi\u00f3n Apto para cer\u00e1mica decorativa Temperatura cocci\u00f3n: 980\u00ba &#8211; 1000\u00ba C Formato: 1Kg \/ polvo<\/p>","protected":false},"featured_media":2333,"comment_status":"closed","ping_status":"closed","template":"","meta":{"_acf_changed":false},"product_brand":[],"product_cat":[113,21,22],"product_tag":[],"class_list":{"0":"post-272","1":"product","2":"type-product","3":"status-publish","4":"has-post-thumbnail","6":"product_cat-esmaltes-baja-cd-se","7":"product_cat-esmaltes-ceramicos","8":"product_cat-esmaltes-baja-temperatura","10":"first","11":"instock","12":"purchasable","13":"product-type-simple"},"acf":[],"_links":{"self":[{"href":"https:\/\/www.montesapc.com\/en\/wp-json\/wp\/v2\/product\/272","targetHints":{"allow":["GET"]}}],"collection":[{"href":"https:\/\/www.montesapc.com\/en\/wp-json\/wp\/v2\/product"}],"about":[{"href":"https:\/\/www.montesapc.com\/en\/wp-json\/wp\/v2\/types\/product"}],"replies":[{"embeddable":true,"href":"https:\/\/www.montesapc.com\/en\/wp-json\/wp\/v2\/comments?post=272"}],"wp:featuredmedia":[{"embeddable":true,"href":"https:\/\/www.montesapc.com\/en\/wp-json\/wp\/v2\/media\/2333"}],"wp:attachment":[{"href":"https:\/\/www.montesapc.com\/en\/wp-json\/wp\/v2\/media?parent=272"}],"wp:term":[{"taxonomy":"product_brand","embeddable":true,"href":"https:\/\/www.montesapc.com\/en\/wp-json\/wp\/v2\/product_brand?post=272"},{"taxonomy":"product_cat","embeddable":true,"href":"https:\/\/www.montesapc.com\/en\/wp-json\/wp\/v2\/product_cat?post=272"},{"taxonomy":"product_tag","embeddable":true,"href":"https:\/\/www.montesapc.com\/en\/wp-json\/wp\/v2\/product_tag?post=272"}],"curies":[{"name":"wp","href":"https:\/\/api.w.org\/{rel}","templated":true}]}}