{"id":308,"date":"2023-07-17T17:00:38","date_gmt":"2023-07-17T15:00:38","guid":{"rendered":"https:\/\/neftis.com.es\/montesa\/producto\/rm-50\/"},"modified":"2025-01-23T08:44:35","modified_gmt":"2025-01-23T07:44:35","slug":"rm-50-125kg","status":"publish","type":"product","link":"https:\/\/www.montesapc.com\/en\/product\/rm-50-125kg\/","title":{"rendered":"RM 50 (12,5Kg)"},"content":{"rendered":"<p>PASTA EXTRUSIONADA REFRACTARIA RM 50.-<\/p>\n<p>Pasta roja de baja temperatura resistente al fuego directo.<\/p>\n<p>Especialmente indicada para cazuelas, ollas &#8230;.<\/p>\n<p>Diversos tonos rojizos en cocci\u00f3n en funci\u00f3n de la temperatura<\/p>\n<p>y atm\u00f3sfera del horno.<\/p>\n<p><strong>Formato<\/strong>:<\/p>\n<p>Pastilla 12\u00b45 Kg<\/p>","protected":false},"excerpt":{"rendered":"<p>PASTA EXTRUSIONADA REFRACTARIA RM 50.- Pasta roja de baja temperatura resistente al fuego directo. Especialmente indicada para cazuelas, ollas &#8230;. Diversos tonos rojizos en cocci\u00f3n en funci\u00f3n de la temperatura y atm\u00f3sfera del horno. Formato: Pastilla 12\u00b45 Kg<\/p>","protected":false},"featured_media":2844,"comment_status":"closed","ping_status":"closed","template":"","meta":{"_acf_changed":false},"product_brand":[],"product_cat":[16,43],"product_tag":[],"class_list":{"0":"post-308","1":"product","2":"type-product","3":"status-publish","4":"has-post-thumbnail","6":"product_cat-pastas-ceramicas","7":"product_cat-pastas-ceramicas-rojas","9":"first","10":"instock","11":"purchasable","12":"product-type-simple"},"acf":[],"_links":{"self":[{"href":"https:\/\/www.montesapc.com\/en\/wp-json\/wp\/v2\/product\/308","targetHints":{"allow":["GET"]}}],"collection":[{"href":"https:\/\/www.montesapc.com\/en\/wp-json\/wp\/v2\/product"}],"about":[{"href":"https:\/\/www.montesapc.com\/en\/wp-json\/wp\/v2\/types\/product"}],"replies":[{"embeddable":true,"href":"https:\/\/www.montesapc.com\/en\/wp-json\/wp\/v2\/comments?post=308"}],"wp:featuredmedia":[{"embeddable":true,"href":"https:\/\/www.montesapc.com\/en\/wp-json\/wp\/v2\/media\/2844"}],"wp:attachment":[{"href":"https:\/\/www.montesapc.com\/en\/wp-json\/wp\/v2\/media?parent=308"}],"wp:term":[{"taxonomy":"product_brand","embeddable":true,"href":"https:\/\/www.montesapc.com\/en\/wp-json\/wp\/v2\/product_brand?post=308"},{"taxonomy":"product_cat","embeddable":true,"href":"https:\/\/www.montesapc.com\/en\/wp-json\/wp\/v2\/product_cat?post=308"},{"taxonomy":"product_tag","embeddable":true,"href":"https:\/\/www.montesapc.com\/en\/wp-json\/wp\/v2\/product_tag?post=308"}],"curies":[{"name":"wp","href":"https:\/\/api.w.org\/{rel}","templated":true}]}}