{"id":327,"date":"2023-07-17T17:01:36","date_gmt":"2023-07-17T15:01:36","guid":{"rendered":"https:\/\/neftis.com.es\/montesa\/producto\/p-26-porcelana\/"},"modified":"2025-10-08T12:35:37","modified_gmt":"2025-10-08T10:35:37","slug":"porcelana-p-26","status":"publish","type":"product","link":"https:\/\/www.montesapc.com\/en\/product\/porcelana-p-26\/","title":{"rendered":"PORCELANA P 26"},"content":{"rendered":"<p>PORCELANA DE COLADO P 26 .-<\/p>\n<p>Porcelana de cocci\u00f3n muy blanca.<\/p>\n<p>Formaci\u00f3n de capa r\u00e1pida en el proceso de colado.<\/p>\n<p>Recomendada para cer\u00e1mica de uso decorativo y utilitario.<\/p>\n<p>Apta para introducir en lavavajillas y mircroondas.<\/p>\n<p>Temperatura de cocci\u00f3n recomendada: 1280\u00ba C.<\/p>\n<h3>Formato:<\/h3>\n<p>&nbsp;<\/p>","protected":false},"excerpt":{"rendered":"<p>PORCELANA DE COLADO P 26 .- Porcelana de cocci\u00f3n muy blanca. Formaci\u00f3n de capa r\u00e1pida en el proceso de colado. Recomendada para cer\u00e1mica de uso decorativo y utilitario. Apta para introducir en lavavajillas y mircroondas. Temperatura de cocci\u00f3n recomendada: 1280\u00ba C. Formato: &nbsp;<\/p>","protected":false},"featured_media":2836,"comment_status":"closed","ping_status":"closed","template":"","meta":{"_acf_changed":false},"product_brand":[],"product_cat":[118,16],"product_tag":[],"class_list":{"0":"post-327","1":"product","2":"type-product","3":"status-publish","4":"has-post-thumbnail","6":"product_cat-porcelana","7":"product_cat-pastas-ceramicas","9":"first","10":"instock","11":"purchasable","12":"product-type-variable"},"acf":[],"_links":{"self":[{"href":"https:\/\/www.montesapc.com\/en\/wp-json\/wp\/v2\/product\/327","targetHints":{"allow":["GET"]}}],"collection":[{"href":"https:\/\/www.montesapc.com\/en\/wp-json\/wp\/v2\/product"}],"about":[{"href":"https:\/\/www.montesapc.com\/en\/wp-json\/wp\/v2\/types\/product"}],"replies":[{"embeddable":true,"href":"https:\/\/www.montesapc.com\/en\/wp-json\/wp\/v2\/comments?post=327"}],"wp:featuredmedia":[{"embeddable":true,"href":"https:\/\/www.montesapc.com\/en\/wp-json\/wp\/v2\/media\/2836"}],"wp:attachment":[{"href":"https:\/\/www.montesapc.com\/en\/wp-json\/wp\/v2\/media?parent=327"}],"wp:term":[{"taxonomy":"product_brand","embeddable":true,"href":"https:\/\/www.montesapc.com\/en\/wp-json\/wp\/v2\/product_brand?post=327"},{"taxonomy":"product_cat","embeddable":true,"href":"https:\/\/www.montesapc.com\/en\/wp-json\/wp\/v2\/product_cat?post=327"},{"taxonomy":"product_tag","embeddable":true,"href":"https:\/\/www.montesapc.com\/en\/wp-json\/wp\/v2\/product_tag?post=327"}],"curies":[{"name":"wp","href":"https:\/\/api.w.org\/{rel}","templated":true}]}}