{"id":333,"date":"2023-07-17T17:01:36","date_gmt":"2023-07-17T15:01:36","guid":{"rendered":"https:\/\/neftis.com.es\/montesa\/producto\/megafuego-76\/"},"modified":"2025-01-22T17:15:09","modified_gmt":"2025-01-22T16:15:09","slug":"gres-fuego-10kg","status":"publish","type":"product","link":"https:\/\/www.montesapc.com\/en\/product\/gres-fuego-10kg\/","title":{"rendered":"GRES FUEGO (10Kg)"},"content":{"rendered":"<p>GRES CHAMOTADO EXTRUSIONADO-GRES FUEGO.<\/p>\n<p>Gres de coloraci\u00f3n crema en cocci\u00f3n.<\/p>\n<p>Pasta extrusionada con chamota de 0-1 mm. con gran resistencia t\u00e9rmica.<\/p>\n<p>Recomendable para la elaboraci\u00f3n de ollas o platos para cocinar con fuego directo.<\/p>\n<p>Apta para usar en horno, vitrocer\u00e1mica y microondas.<\/p>\n<p>Temperatura de cocci\u00f3n recomendada 1250\u00baC-1280\u00baC.<\/p>\n<p><strong>Formato:<\/strong><\/p>\n<p>Pastilla 10 Kg<\/p>\n<p>&nbsp;<\/p>\n<p>&nbsp;<\/p>","protected":false},"excerpt":{"rendered":"<p>GRES CHAMOTADO EXTRUSIONADO-GRES FUEGO. Gres de coloraci\u00f3n crema en cocci\u00f3n. Pasta extrusionada con chamota de 0-1 mm. con gran resistencia t\u00e9rmica. Recomendable para la elaboraci\u00f3n de ollas o platos para cocinar con fuego directo. Apta para usar en horno, vitrocer\u00e1mica y microondas. Temperatura de cocci\u00f3n recomendada 1250\u00baC-1280\u00baC. Formato: Pastilla 10 Kg &nbsp; &nbsp;<\/p>","protected":false},"featured_media":2838,"comment_status":"closed","ping_status":"closed","template":"","meta":{"_acf_changed":false},"product_brand":[],"product_cat":[119,126,16],"product_tag":[],"class_list":{"0":"post-333","1":"product","2":"type-product","3":"status-publish","4":"has-post-thumbnail","6":"product_cat-greses","7":"product_cat-greses-media-temperatura","8":"product_cat-pastas-ceramicas","10":"first","11":"instock","12":"purchasable","13":"product-type-simple"},"acf":[],"_links":{"self":[{"href":"https:\/\/www.montesapc.com\/en\/wp-json\/wp\/v2\/product\/333","targetHints":{"allow":["GET"]}}],"collection":[{"href":"https:\/\/www.montesapc.com\/en\/wp-json\/wp\/v2\/product"}],"about":[{"href":"https:\/\/www.montesapc.com\/en\/wp-json\/wp\/v2\/types\/product"}],"replies":[{"embeddable":true,"href":"https:\/\/www.montesapc.com\/en\/wp-json\/wp\/v2\/comments?post=333"}],"wp:featuredmedia":[{"embeddable":true,"href":"https:\/\/www.montesapc.com\/en\/wp-json\/wp\/v2\/media\/2838"}],"wp:attachment":[{"href":"https:\/\/www.montesapc.com\/en\/wp-json\/wp\/v2\/media?parent=333"}],"wp:term":[{"taxonomy":"product_brand","embeddable":true,"href":"https:\/\/www.montesapc.com\/en\/wp-json\/wp\/v2\/product_brand?post=333"},{"taxonomy":"product_cat","embeddable":true,"href":"https:\/\/www.montesapc.com\/en\/wp-json\/wp\/v2\/product_cat?post=333"},{"taxonomy":"product_tag","embeddable":true,"href":"https:\/\/www.montesapc.com\/en\/wp-json\/wp\/v2\/product_tag?post=333"}],"curies":[{"name":"wp","href":"https:\/\/api.w.org\/{rel}","templated":true}]}}