{"id":3390,"date":"2025-01-30T11:54:42","date_gmt":"2025-01-30T10:54:42","guid":{"rendered":"https:\/\/www.montesapc.com\/?post_type=product&#038;p=3390"},"modified":"2025-11-04T11:14:25","modified_gmt":"2025-11-04T10:14:25","slug":"emt-01-026-esmalte-transparente","status":"publish","type":"product","link":"https:\/\/www.montesapc.com\/en\/product\/emt-01-026-esmalte-transparente\/","title":{"rendered":"EMT 01\/026 ESMALTE TRANSPARENTE"},"content":{"rendered":"<p>ESMALTE EMT 01\/026 TRANSPARENTE<\/p>\n<p>Id\u00f3neo para inmersi\u00f3n<\/p>\n<p>Apto para cer\u00e1mica decorativa y utilitaria, (vajillas, tazas, platos, etc.)<\/p>\n<p>Temperatura cocci\u00f3n: 1100\u00ba &#8211; 1130\u00ba C<\/p>\n<p>Formato: 1Kg\/polvo<\/p>","protected":false},"excerpt":{"rendered":"<p>ESMALTE EMT 01\/026 TRANSPARENTE Id\u00f3neo para inmersi\u00f3n Apto para cer\u00e1mica decorativa y utilitaria, (vajillas, tazas, platos, etc.) Temperatura cocci\u00f3n: 1100\u00ba &#8211; 1130\u00ba C Formato: 1Kg\/polvo<\/p>","protected":false},"featured_media":2486,"comment_status":"open","ping_status":"closed","template":"","meta":{"_acf_changed":false},"product_brand":[],"product_cat":[21,105,52],"product_tag":[],"class_list":{"0":"post-3390","1":"product","2":"type-product","3":"status-publish","4":"has-post-thumbnail","6":"product_cat-esmaltes-ceramicos","7":"product_cat-esmaltes-media-transparentes","8":"product_cat-esmaltes-media-temperatura","10":"first","11":"instock","12":"shipping-taxable","13":"purchasable","14":"product-type-simple"},"acf":[],"_links":{"self":[{"href":"https:\/\/www.montesapc.com\/en\/wp-json\/wp\/v2\/product\/3390","targetHints":{"allow":["GET"]}}],"collection":[{"href":"https:\/\/www.montesapc.com\/en\/wp-json\/wp\/v2\/product"}],"about":[{"href":"https:\/\/www.montesapc.com\/en\/wp-json\/wp\/v2\/types\/product"}],"replies":[{"embeddable":true,"href":"https:\/\/www.montesapc.com\/en\/wp-json\/wp\/v2\/comments?post=3390"}],"wp:featuredmedia":[{"embeddable":true,"href":"https:\/\/www.montesapc.com\/en\/wp-json\/wp\/v2\/media\/2486"}],"wp:attachment":[{"href":"https:\/\/www.montesapc.com\/en\/wp-json\/wp\/v2\/media?parent=3390"}],"wp:term":[{"taxonomy":"product_brand","embeddable":true,"href":"https:\/\/www.montesapc.com\/en\/wp-json\/wp\/v2\/product_brand?post=3390"},{"taxonomy":"product_cat","embeddable":true,"href":"https:\/\/www.montesapc.com\/en\/wp-json\/wp\/v2\/product_cat?post=3390"},{"taxonomy":"product_tag","embeddable":true,"href":"https:\/\/www.montesapc.com\/en\/wp-json\/wp\/v2\/product_tag?post=3390"}],"curies":[{"name":"wp","href":"https:\/\/api.w.org\/{rel}","templated":true}]}}