{"id":3825,"date":"2025-09-23T12:11:50","date_gmt":"2025-09-23T10:11:50","guid":{"rendered":"https:\/\/www.montesapc.com\/?post_type=product&#038;p=3825"},"modified":"2026-01-07T09:01:16","modified_gmt":"2026-01-07T08:01:16","slug":"cbb-04-101-esmalte-miel-cremoso","status":"publish","type":"product","link":"https:\/\/www.montesapc.com\/en\/product\/cbb-04-101-esmalte-miel-cremoso\/","title":{"rendered":"CBB 04\/101 ESMALTE MIEL CREMOSO"},"content":{"rendered":"<p>ESMALTE CBB 04\/101 MIEL CREMOSO<\/p>\n<p>Id\u00f3neo para aplicar a pincel.<\/p>\n<p>Apto para cer\u00e1mica decorativa y utilitaria, (vajillas, tazas, platos, etc.)<\/p>\n<p>Temperatura cocci\u00f3n: 980\u00ba &#8211; 1000\u00ba C.<\/p>\n<p>Formato: 750 gr.<\/p>","protected":false},"excerpt":{"rendered":"<p>ESMALTE CBB 04\/101 MIEL CREMOSO Id\u00f3neo para aplicar a pincel. Apto para cer\u00e1mica decorativa y utilitaria, (vajillas, tazas, platos, etc.) Temperatura cocci\u00f3n: 980\u00ba &#8211; 1000\u00ba C. Formato: 750 gr.<\/p>","protected":false},"featured_media":2368,"comment_status":"open","ping_status":"closed","template":"","meta":{"_acf_changed":false},"product_brand":[],"product_cat":[21,177,22],"product_tag":[],"class_list":{"0":"post-3825","1":"product","2":"type-product","3":"status-publish","4":"has-post-thumbnail","6":"product_cat-esmaltes-ceramicos","7":"product_cat-esmaltes-baja-cremosos-brillo","8":"product_cat-esmaltes-baja-temperatura","10":"first","11":"instock","12":"shipping-taxable","13":"purchasable","14":"product-type-simple"},"acf":[],"_links":{"self":[{"href":"https:\/\/www.montesapc.com\/en\/wp-json\/wp\/v2\/product\/3825","targetHints":{"allow":["GET"]}}],"collection":[{"href":"https:\/\/www.montesapc.com\/en\/wp-json\/wp\/v2\/product"}],"about":[{"href":"https:\/\/www.montesapc.com\/en\/wp-json\/wp\/v2\/types\/product"}],"replies":[{"embeddable":true,"href":"https:\/\/www.montesapc.com\/en\/wp-json\/wp\/v2\/comments?post=3825"}],"wp:featuredmedia":[{"embeddable":true,"href":"https:\/\/www.montesapc.com\/en\/wp-json\/wp\/v2\/media\/2368"}],"wp:attachment":[{"href":"https:\/\/www.montesapc.com\/en\/wp-json\/wp\/v2\/media?parent=3825"}],"wp:term":[{"taxonomy":"product_brand","embeddable":true,"href":"https:\/\/www.montesapc.com\/en\/wp-json\/wp\/v2\/product_brand?post=3825"},{"taxonomy":"product_cat","embeddable":true,"href":"https:\/\/www.montesapc.com\/en\/wp-json\/wp\/v2\/product_cat?post=3825"},{"taxonomy":"product_tag","embeddable":true,"href":"https:\/\/www.montesapc.com\/en\/wp-json\/wp\/v2\/product_tag?post=3825"}],"curies":[{"name":"wp","href":"https:\/\/api.w.org\/{rel}","templated":true}]}}