{"id":3870,"date":"2025-09-24T09:44:46","date_gmt":"2025-09-24T07:44:46","guid":{"rendered":"https:\/\/www.montesapc.com\/?post_type=product&#038;p=3870"},"modified":"2025-11-11T09:16:40","modified_gmt":"2025-11-11T08:16:40","slug":"cbb-16-102-esmalte-gris-oscuro-cremoso","status":"publish","type":"product","link":"https:\/\/www.montesapc.com\/en\/product\/cbb-16-102-esmalte-gris-oscuro-cremoso\/","title":{"rendered":"CBB 16\/102 ESMALTE GRIS OSCURO CREMOSO"},"content":{"rendered":"<p>ESMALTE CBB 16\/102 GRIS OSCURO CREMOSO<\/p>\n<p>Id\u00f3neo para aplicar a pincel.<\/p>\n<p>Apto para cer\u00e1mica decorativa y utilitaria, (vajillas, tazas, platos, etc.)<\/p>\n<p>Temperatura cocci\u00f3n: 980\u00ba &#8211; 1000\u00ba C.<\/p>\n<p>Formato: 750 gr.<\/p>","protected":false},"excerpt":{"rendered":"<p>ESMALTE CBB 16\/102 GRIS OSCURO CREMOSO Id\u00f3neo para aplicar a pincel. Apto para cer\u00e1mica decorativa y utilitaria, (vajillas, tazas, platos, etc.) Temperatura cocci\u00f3n: 980\u00ba &#8211; 1000\u00ba C. Formato: 750 gr.<\/p>","protected":false},"featured_media":2405,"comment_status":"open","ping_status":"closed","template":"","meta":{"_acf_changed":false},"product_brand":[],"product_cat":[21,177,22],"product_tag":[],"class_list":{"0":"post-3870","1":"product","2":"type-product","3":"status-publish","4":"has-post-thumbnail","6":"product_cat-esmaltes-ceramicos","7":"product_cat-esmaltes-baja-cremosos-brillo","8":"product_cat-esmaltes-baja-temperatura","10":"first","11":"instock","12":"shipping-taxable","13":"purchasable","14":"product-type-simple"},"acf":[],"_links":{"self":[{"href":"https:\/\/www.montesapc.com\/en\/wp-json\/wp\/v2\/product\/3870","targetHints":{"allow":["GET"]}}],"collection":[{"href":"https:\/\/www.montesapc.com\/en\/wp-json\/wp\/v2\/product"}],"about":[{"href":"https:\/\/www.montesapc.com\/en\/wp-json\/wp\/v2\/types\/product"}],"replies":[{"embeddable":true,"href":"https:\/\/www.montesapc.com\/en\/wp-json\/wp\/v2\/comments?post=3870"}],"wp:featuredmedia":[{"embeddable":true,"href":"https:\/\/www.montesapc.com\/en\/wp-json\/wp\/v2\/media\/2405"}],"wp:attachment":[{"href":"https:\/\/www.montesapc.com\/en\/wp-json\/wp\/v2\/media?parent=3870"}],"wp:term":[{"taxonomy":"product_brand","embeddable":true,"href":"https:\/\/www.montesapc.com\/en\/wp-json\/wp\/v2\/product_brand?post=3870"},{"taxonomy":"product_cat","embeddable":true,"href":"https:\/\/www.montesapc.com\/en\/wp-json\/wp\/v2\/product_cat?post=3870"},{"taxonomy":"product_tag","embeddable":true,"href":"https:\/\/www.montesapc.com\/en\/wp-json\/wp\/v2\/product_tag?post=3870"}],"curies":[{"name":"wp","href":"https:\/\/api.w.org\/{rel}","templated":true}]}}