{"id":4256,"date":"2025-12-15T12:03:36","date_gmt":"2025-12-15T11:03:36","guid":{"rendered":"https:\/\/www.montesapc.com\/?post_type=product&#038;p=4256"},"modified":"2026-01-08T09:53:34","modified_gmt":"2026-01-08T08:53:34","slug":"eti-08-101-esmalte-naranja-brillo","status":"publish","type":"product","link":"https:\/\/www.montesapc.com\/en\/product\/eti-08-101-esmalte-naranja-brillo\/","title":{"rendered":"ETI 08\/101 &#8211; ESMALTE NARANJA BRILLO"},"content":{"rendered":"<p>ESMALTE ETI 08\/101 NARANJA BRILLO<\/p>\n<p>Id\u00f3neo para inmersi\u00f3n<\/p>\n<p>Apto para cer\u00e1mica decorativa y utilitaria (vajillas, tazas, platos, etc.)<\/p>\n<p>Temperatura de cocci\u00f3n: 1100\u00ba &#8211; 1300\u00ba C<\/p>\n<p>Formato: 1Kg\/ polvo<\/p>","protected":false},"excerpt":{"rendered":"<p>ESMALTE ETI 08\/101 NARANJA BRILLO Id\u00f3neo para inmersi\u00f3n Apto para cer\u00e1mica decorativa y utilitaria (vajillas, tazas, platos, etc.) Temperatura de cocci\u00f3n: 1100\u00ba &#8211; 1300\u00ba C Formato: 1Kg\/ polvo<\/p>","protected":false},"featured_media":4257,"comment_status":"open","ping_status":"closed","template":"","meta":{"_acf_changed":false},"product_brand":[],"product_cat":[52,107],"product_tag":[],"class_list":{"0":"post-4256","1":"product","2":"type-product","3":"status-publish","4":"has-post-thumbnail","6":"product_cat-esmaltes-media-temperatura","7":"product_cat-esmaltes-media-coloreados-brillo","9":"first","10":"instock","11":"shipping-taxable","12":"purchasable","13":"product-type-simple"},"acf":[],"_links":{"self":[{"href":"https:\/\/www.montesapc.com\/en\/wp-json\/wp\/v2\/product\/4256","targetHints":{"allow":["GET"]}}],"collection":[{"href":"https:\/\/www.montesapc.com\/en\/wp-json\/wp\/v2\/product"}],"about":[{"href":"https:\/\/www.montesapc.com\/en\/wp-json\/wp\/v2\/types\/product"}],"replies":[{"embeddable":true,"href":"https:\/\/www.montesapc.com\/en\/wp-json\/wp\/v2\/comments?post=4256"}],"wp:featuredmedia":[{"embeddable":true,"href":"https:\/\/www.montesapc.com\/en\/wp-json\/wp\/v2\/media\/4257"}],"wp:attachment":[{"href":"https:\/\/www.montesapc.com\/en\/wp-json\/wp\/v2\/media?parent=4256"}],"wp:term":[{"taxonomy":"product_brand","embeddable":true,"href":"https:\/\/www.montesapc.com\/en\/wp-json\/wp\/v2\/product_brand?post=4256"},{"taxonomy":"product_cat","embeddable":true,"href":"https:\/\/www.montesapc.com\/en\/wp-json\/wp\/v2\/product_cat?post=4256"},{"taxonomy":"product_tag","embeddable":true,"href":"https:\/\/www.montesapc.com\/en\/wp-json\/wp\/v2\/product_tag?post=4256"}],"curies":[{"name":"wp","href":"https:\/\/api.w.org\/{rel}","templated":true}]}}