{"id":456,"date":"2023-07-17T17:02:17","date_gmt":"2023-07-17T15:02:17","guid":{"rendered":"https:\/\/neftis.com.es\/montesa\/producto\/emi-16-101-esmalte-gris-mate\/"},"modified":"2025-11-04T09:23:55","modified_gmt":"2025-11-04T08:23:55","slug":"emi-16-101-esmalte-gris-mate","status":"publish","type":"product","link":"https:\/\/www.montesapc.com\/en\/product\/emi-16-101-esmalte-gris-mate\/","title":{"rendered":"EMI 16\/101-ESMALTE GRIS MATE"},"content":{"rendered":"<p>ESMALTE EMI 16\/101 GRIS<\/p>\n<p>Id\u00f3neo para inmersi\u00f3n<\/p>\n<p>Apto para cer\u00e1mica decorativa y utilitaria, (vajillas, tazas, platos, etc.)<\/p>\n<p>Temperatura cocci\u00f3n: 1100\u00ba C.<\/p>\n<p>Formato: 1Kg\/polvo<\/p>","protected":false},"excerpt":{"rendered":"<p>ESMALTE EMI 16\/101 GRIS Id\u00f3neo para inmersi\u00f3n Apto para cer\u00e1mica decorativa y utilitaria, (vajillas, tazas, platos, etc.) Temperatura cocci\u00f3n: 1100\u00ba C. Formato: 1Kg\/polvo<\/p>","protected":false},"featured_media":2353,"comment_status":"closed","ping_status":"closed","template":"","meta":{"_acf_changed":false},"product_brand":[],"product_cat":[108,21,52],"product_tag":[],"class_list":{"0":"post-456","1":"product","2":"type-product","3":"status-publish","4":"has-post-thumbnail","6":"product_cat-esmaltes-media-coloreados-mate","7":"product_cat-esmaltes-ceramicos","8":"product_cat-esmaltes-media-temperatura","10":"first","11":"instock","12":"purchasable","13":"product-type-simple"},"acf":[],"_links":{"self":[{"href":"https:\/\/www.montesapc.com\/en\/wp-json\/wp\/v2\/product\/456","targetHints":{"allow":["GET"]}}],"collection":[{"href":"https:\/\/www.montesapc.com\/en\/wp-json\/wp\/v2\/product"}],"about":[{"href":"https:\/\/www.montesapc.com\/en\/wp-json\/wp\/v2\/types\/product"}],"replies":[{"embeddable":true,"href":"https:\/\/www.montesapc.com\/en\/wp-json\/wp\/v2\/comments?post=456"}],"wp:featuredmedia":[{"embeddable":true,"href":"https:\/\/www.montesapc.com\/en\/wp-json\/wp\/v2\/media\/2353"}],"wp:attachment":[{"href":"https:\/\/www.montesapc.com\/en\/wp-json\/wp\/v2\/media?parent=456"}],"wp:term":[{"taxonomy":"product_brand","embeddable":true,"href":"https:\/\/www.montesapc.com\/en\/wp-json\/wp\/v2\/product_brand?post=456"},{"taxonomy":"product_cat","embeddable":true,"href":"https:\/\/www.montesapc.com\/en\/wp-json\/wp\/v2\/product_cat?post=456"},{"taxonomy":"product_tag","embeddable":true,"href":"https:\/\/www.montesapc.com\/en\/wp-json\/wp\/v2\/product_tag?post=456"}],"curies":[{"name":"wp","href":"https:\/\/api.w.org\/{rel}","templated":true}]}}