{"id":467,"date":"2023-07-17T17:02:17","date_gmt":"2023-07-17T15:02:17","guid":{"rendered":"https:\/\/neftis.com.es\/montesa\/producto\/emi-09-101-esmalte-ocre-mate\/"},"modified":"2025-11-04T09:32:07","modified_gmt":"2025-11-04T08:32:07","slug":"emi-09-101-esmalte-ocre-mate","status":"publish","type":"product","link":"https:\/\/www.montesapc.com\/en\/product\/emi-09-101-esmalte-ocre-mate\/","title":{"rendered":"EMI 09\/101-ESMALTE OCRE MATE"},"content":{"rendered":"<p>ESMALTE EMI 09\/101 OCRE<\/p>\n<p>Id\u00f3neo para inmersi\u00f3n.<\/p>\n<p>Apto para cer\u00e1mica decorativa y utilitaria ( vajillas, tazas, platos, etc.)<\/p>\n<p>Temperatura cocci\u00f3n: 1100\u00ba C<\/p>\n<p>Formato: 1Kg\/ polvo<\/p>","protected":false},"excerpt":{"rendered":"<p>ESMALTE EMI 09\/101 OCRE Id\u00f3neo para inmersi\u00f3n. Apto para cer\u00e1mica decorativa y utilitaria ( vajillas, tazas, platos, etc.) Temperatura cocci\u00f3n: 1100\u00ba C Formato: 1Kg\/ polvo<\/p>","protected":false},"featured_media":2349,"comment_status":"closed","ping_status":"closed","template":"","meta":{"_acf_changed":false},"product_brand":[],"product_cat":[108,21,52],"product_tag":[],"class_list":{"0":"post-467","1":"product","2":"type-product","3":"status-publish","4":"has-post-thumbnail","6":"product_cat-esmaltes-media-coloreados-mate","7":"product_cat-esmaltes-ceramicos","8":"product_cat-esmaltes-media-temperatura","10":"first","11":"instock","12":"purchasable","13":"product-type-simple"},"acf":[],"_links":{"self":[{"href":"https:\/\/www.montesapc.com\/en\/wp-json\/wp\/v2\/product\/467","targetHints":{"allow":["GET"]}}],"collection":[{"href":"https:\/\/www.montesapc.com\/en\/wp-json\/wp\/v2\/product"}],"about":[{"href":"https:\/\/www.montesapc.com\/en\/wp-json\/wp\/v2\/types\/product"}],"replies":[{"embeddable":true,"href":"https:\/\/www.montesapc.com\/en\/wp-json\/wp\/v2\/comments?post=467"}],"wp:featuredmedia":[{"embeddable":true,"href":"https:\/\/www.montesapc.com\/en\/wp-json\/wp\/v2\/media\/2349"}],"wp:attachment":[{"href":"https:\/\/www.montesapc.com\/en\/wp-json\/wp\/v2\/media?parent=467"}],"wp:term":[{"taxonomy":"product_brand","embeddable":true,"href":"https:\/\/www.montesapc.com\/en\/wp-json\/wp\/v2\/product_brand?post=467"},{"taxonomy":"product_cat","embeddable":true,"href":"https:\/\/www.montesapc.com\/en\/wp-json\/wp\/v2\/product_cat?post=467"},{"taxonomy":"product_tag","embeddable":true,"href":"https:\/\/www.montesapc.com\/en\/wp-json\/wp\/v2\/product_tag?post=467"}],"curies":[{"name":"wp","href":"https:\/\/api.w.org\/{rel}","templated":true}]}}