{"id":67,"date":"2023-07-17T16:59:08","date_gmt":"2023-07-17T14:59:08","guid":{"rendered":"https:\/\/neftis.com.es\/montesa\/producto\/emc-12-101-esmalte-lila-s-pb\/"},"modified":"2025-10-31T13:36:53","modified_gmt":"2025-10-31T12:36:53","slug":"emc-12-101-esmalte-lila","status":"publish","type":"product","link":"https:\/\/www.montesapc.com\/en\/product\/emc-12-101-esmalte-lila\/","title":{"rendered":"EMC 12\/101 &#8211; ESMALTE LILA"},"content":{"rendered":"<p>ESMALTE EMC 12\/101<\/p>\n<p>Id\u00f3neo para inmersi\u00f3n<\/p>\n<p>Apto para cer\u00e1mica utilitaria (vajillas, tazas, platos, etc)<\/p>\n<p>Temperatura cocci\u00f3n: 980\u00ba &#8211; 1000\u00ba C<\/p>\n<p>Formato: 1Kg \/ polvo<\/p>","protected":false},"excerpt":{"rendered":"<p>ESMALTE EMC 12\/101 Id\u00f3neo para inmersi\u00f3n Apto para cer\u00e1mica utilitaria (vajillas, tazas, platos, etc) Temperatura cocci\u00f3n: 980\u00ba &#8211; 1000\u00ba C Formato: 1Kg \/ polvo<\/p>","protected":false},"featured_media":2382,"comment_status":"closed","ping_status":"closed","template":"","meta":{"_acf_changed":false},"product_brand":[],"product_cat":[111,21,22],"product_tag":[],"class_list":{"0":"post-67","1":"product","2":"type-product","3":"status-publish","4":"has-post-thumbnail","6":"product_cat-esmaltes-baja-coloreados-brillo","7":"product_cat-esmaltes-ceramicos","8":"product_cat-esmaltes-baja-temperatura","10":"first","11":"instock","12":"purchasable","13":"product-type-simple"},"acf":[],"_links":{"self":[{"href":"https:\/\/www.montesapc.com\/en\/wp-json\/wp\/v2\/product\/67","targetHints":{"allow":["GET"]}}],"collection":[{"href":"https:\/\/www.montesapc.com\/en\/wp-json\/wp\/v2\/product"}],"about":[{"href":"https:\/\/www.montesapc.com\/en\/wp-json\/wp\/v2\/types\/product"}],"replies":[{"embeddable":true,"href":"https:\/\/www.montesapc.com\/en\/wp-json\/wp\/v2\/comments?post=67"}],"wp:featuredmedia":[{"embeddable":true,"href":"https:\/\/www.montesapc.com\/en\/wp-json\/wp\/v2\/media\/2382"}],"wp:attachment":[{"href":"https:\/\/www.montesapc.com\/en\/wp-json\/wp\/v2\/media?parent=67"}],"wp:term":[{"taxonomy":"product_brand","embeddable":true,"href":"https:\/\/www.montesapc.com\/en\/wp-json\/wp\/v2\/product_brand?post=67"},{"taxonomy":"product_cat","embeddable":true,"href":"https:\/\/www.montesapc.com\/en\/wp-json\/wp\/v2\/product_cat?post=67"},{"taxonomy":"product_tag","embeddable":true,"href":"https:\/\/www.montesapc.com\/en\/wp-json\/wp\/v2\/product_tag?post=67"}],"curies":[{"name":"wp","href":"https:\/\/api.w.org\/{rel}","templated":true}]}}