{"id":1331,"date":"2024-01-04T11:44:09","date_gmt":"2024-01-04T10:44:09","guid":{"rendered":"https:\/\/www.montesapc.com\/?post_type=product&#038;p=1331"},"modified":"2026-03-23T08:15:20","modified_gmt":"2026-03-23T07:15:20","slug":"gres-gmch-0-0-5-125kg","status":"publish","type":"product","link":"https:\/\/www.montesapc.com\/fr\/produit\/gres-gmch-0-0-5-125kg\/","title":{"rendered":"GRES GM CH 0-0.5 (12,5Kg)"},"content":{"rendered":"<p>GRES CMCH 0-0.5 TOSTADA.<\/p>\n<p>Pasta refractaria chamotada.<\/p>\n<p>Pasta extrusionada adecuada para vajillas.<\/p>\n<p>Adem\u00e1s tambi\u00e9n es apta para torno y modelado.<\/p>\n<p>Temperatura recomendada de cocci\u00f3n: 1260\u00ba-1280\u00ba C<\/p>\n<p>Formato: 12,5 Kg<\/p>","protected":false},"excerpt":{"rendered":"<p>GRES CMCH 0-0.5 TOSTADA. Pasta refractaria chamotada. Pasta extrusionada adecuada para vajillas. Adem\u00e1s tambi\u00e9n es apta para torno y modelado. Temperatura recomendada de cocci\u00f3n: 1260\u00ba-1280\u00ba C Formato: 12,5 Kg<\/p>","protected":false},"featured_media":2831,"comment_status":"open","ping_status":"closed","template":"","meta":{"_acf_changed":false},"product_brand":[],"product_cat":[16,119,125],"product_tag":[],"class_list":{"0":"post-1331","1":"product","2":"type-product","3":"status-publish","4":"has-post-thumbnail","6":"product_cat-pastas-ceramicas","7":"product_cat-greses","8":"product_cat-greses-alta-temperatura","10":"first","11":"instock","12":"shipping-taxable","13":"purchasable","14":"product-type-simple"},"acf":[],"_links":{"self":[{"href":"https:\/\/www.montesapc.com\/fr\/wp-json\/wp\/v2\/product\/1331","targetHints":{"allow":["GET"]}}],"collection":[{"href":"https:\/\/www.montesapc.com\/fr\/wp-json\/wp\/v2\/product"}],"about":[{"href":"https:\/\/www.montesapc.com\/fr\/wp-json\/wp\/v2\/types\/product"}],"replies":[{"embeddable":true,"href":"https:\/\/www.montesapc.com\/fr\/wp-json\/wp\/v2\/comments?post=1331"}],"wp:featuredmedia":[{"embeddable":true,"href":"https:\/\/www.montesapc.com\/fr\/wp-json\/wp\/v2\/media\/2831"}],"wp:attachment":[{"href":"https:\/\/www.montesapc.com\/fr\/wp-json\/wp\/v2\/media?parent=1331"}],"wp:term":[{"taxonomy":"product_brand","embeddable":true,"href":"https:\/\/www.montesapc.com\/fr\/wp-json\/wp\/v2\/product_brand?post=1331"},{"taxonomy":"product_cat","embeddable":true,"href":"https:\/\/www.montesapc.com\/fr\/wp-json\/wp\/v2\/product_cat?post=1331"},{"taxonomy":"product_tag","embeddable":true,"href":"https:\/\/www.montesapc.com\/fr\/wp-json\/wp\/v2\/product_tag?post=1331"}],"curies":[{"name":"wp","href":"https:\/\/api.w.org\/{rel}","templated":true}]}}