{"id":1371,"date":"2024-01-09T14:14:03","date_gmt":"2024-01-09T13:14:03","guid":{"rendered":"https:\/\/www.montesapc.com\/?post_type=product&#038;p=1371"},"modified":"2025-01-22T17:13:16","modified_gmt":"2025-01-22T16:13:16","slug":"gres-sg60-pasta-blanca-125kg","status":"publish","type":"product","link":"https:\/\/www.montesapc.com\/fr\/produit\/gres-sg60-pasta-blanca-125kg\/","title":{"rendered":"GRES SG60 PASTA BLANCA (12,5Kg)"},"content":{"rendered":"<p>PASTA EXTRUSIONADA SG60.<\/p>\n<p>Gres de media temperatura con alta resistencia al choque mec\u00e1nico.<\/p>\n<p>Pasta de bajo coste energ\u00e9tico .<\/p>\n<p>Adecuada tanto para torno como para modelado.<\/p>\n<p>Recomendada para cer\u00e1mica de uso decorativo y utilitario.<\/p>\n<p>Se puede introducir en lavavajillas y microondas.<\/p>\n<p>Temperatura de cocci\u00f3n recomendada 1080\u00ba-1100\u00baC<\/p>\n<p>Absorci\u00f3n 2%.<\/p>\n<p><strong>Formato<\/strong>:<\/p>\n<p>Pastilla de 12,5 Kg.<\/p>\n<p>Polvo en saco de 25 Kg.<\/p>","protected":false},"excerpt":{"rendered":"<p>PASTA EXTRUSIONADA SG60. Gres de media temperatura con alta resistencia al choque mec\u00e1nico. Pasta de bajo coste energ\u00e9tico . Adecuada tanto para torno como para modelado. Recomendada para cer\u00e1mica de uso decorativo y utilitario. Se puede introducir en lavavajillas y microondas. Temperatura de cocci\u00f3n recomendada 1080\u00ba-1100\u00baC Absorci\u00f3n 2%. Formato: Pastilla de 12,5 Kg. Polvo en [&hellip;]<\/p>","protected":false},"featured_media":2817,"comment_status":"open","ping_status":"closed","template":"","meta":{"_acf_changed":false},"product_brand":[],"product_cat":[16,119,126],"product_tag":[],"class_list":{"0":"post-1371","1":"product","2":"type-product","3":"status-publish","4":"has-post-thumbnail","6":"product_cat-pastas-ceramicas","7":"product_cat-greses","8":"product_cat-greses-media-temperatura","10":"first","11":"instock","12":"shipping-taxable","13":"purchasable","14":"product-type-variable"},"acf":[],"_links":{"self":[{"href":"https:\/\/www.montesapc.com\/fr\/wp-json\/wp\/v2\/product\/1371","targetHints":{"allow":["GET"]}}],"collection":[{"href":"https:\/\/www.montesapc.com\/fr\/wp-json\/wp\/v2\/product"}],"about":[{"href":"https:\/\/www.montesapc.com\/fr\/wp-json\/wp\/v2\/types\/product"}],"replies":[{"embeddable":true,"href":"https:\/\/www.montesapc.com\/fr\/wp-json\/wp\/v2\/comments?post=1371"}],"wp:featuredmedia":[{"embeddable":true,"href":"https:\/\/www.montesapc.com\/fr\/wp-json\/wp\/v2\/media\/2817"}],"wp:attachment":[{"href":"https:\/\/www.montesapc.com\/fr\/wp-json\/wp\/v2\/media?parent=1371"}],"wp:term":[{"taxonomy":"product_brand","embeddable":true,"href":"https:\/\/www.montesapc.com\/fr\/wp-json\/wp\/v2\/product_brand?post=1371"},{"taxonomy":"product_cat","embeddable":true,"href":"https:\/\/www.montesapc.com\/fr\/wp-json\/wp\/v2\/product_cat?post=1371"},{"taxonomy":"product_tag","embeddable":true,"href":"https:\/\/www.montesapc.com\/fr\/wp-json\/wp\/v2\/product_tag?post=1371"}],"curies":[{"name":"wp","href":"https:\/\/api.w.org\/{rel}","templated":true}]}}