{"id":1418,"date":"2024-01-11T13:24:04","date_gmt":"2024-01-11T12:24:04","guid":{"rendered":"https:\/\/www.montesapc.com\/?post_type=product&#038;p=1418"},"modified":"2025-10-01T09:15:49","modified_gmt":"2025-10-01T07:15:49","slug":"pasta-m5ch-0-05-5kg","status":"publish","type":"product","link":"https:\/\/www.montesapc.com\/fr\/produit\/pasta-m5ch-0-05-5kg\/","title":{"rendered":"PASTA M5CH 0-0.5 (5Kg)"},"content":{"rendered":"<p>PASTA CERAMICA M5CH 0-0.5<\/p>\n<p>Recomendada para uso decorativo como por ejemplo murales.<\/p>\n<p>Tiene una textura r\u00fastica y es apta para grandes piezas cer\u00e1micas.<\/p>\n<p>Temperatura de cocci\u00f3n recomendada:<\/p>\n<p><strong>Formato<\/strong>:<\/p>\n<p>Pastillas de 5 Kg.<\/p>","protected":false},"excerpt":{"rendered":"<p>PASTA CERAMICA M5CH 0-0.5 Recomendada para uso decorativo como por ejemplo murales. Tiene una textura r\u00fastica y es apta para grandes piezas cer\u00e1micas. Temperatura de cocci\u00f3n recomendada: Formato: Pastillas de 5 Kg.<\/p>","protected":false},"featured_media":2845,"comment_status":"open","ping_status":"closed","template":"","meta":{"_acf_changed":false},"product_brand":[],"product_cat":[16,17,40,41],"product_tag":[],"class_list":{"0":"post-1418","1":"product","2":"type-product","3":"status-publish","4":"has-post-thumbnail","6":"product_cat-pastas-ceramicas","7":"product_cat-pastas-ceramicas-blancas","8":"product_cat-pastas-ceramicas-blancas-baja","9":"product_cat-extrusionadas-baja","11":"first","12":"instock","13":"shipping-taxable","14":"purchasable","15":"product-type-simple"},"acf":[],"_links":{"self":[{"href":"https:\/\/www.montesapc.com\/fr\/wp-json\/wp\/v2\/product\/1418","targetHints":{"allow":["GET"]}}],"collection":[{"href":"https:\/\/www.montesapc.com\/fr\/wp-json\/wp\/v2\/product"}],"about":[{"href":"https:\/\/www.montesapc.com\/fr\/wp-json\/wp\/v2\/types\/product"}],"replies":[{"embeddable":true,"href":"https:\/\/www.montesapc.com\/fr\/wp-json\/wp\/v2\/comments?post=1418"}],"wp:featuredmedia":[{"embeddable":true,"href":"https:\/\/www.montesapc.com\/fr\/wp-json\/wp\/v2\/media\/2845"}],"wp:attachment":[{"href":"https:\/\/www.montesapc.com\/fr\/wp-json\/wp\/v2\/media?parent=1418"}],"wp:term":[{"taxonomy":"product_brand","embeddable":true,"href":"https:\/\/www.montesapc.com\/fr\/wp-json\/wp\/v2\/product_brand?post=1418"},{"taxonomy":"product_cat","embeddable":true,"href":"https:\/\/www.montesapc.com\/fr\/wp-json\/wp\/v2\/product_cat?post=1418"},{"taxonomy":"product_tag","embeddable":true,"href":"https:\/\/www.montesapc.com\/fr\/wp-json\/wp\/v2\/product_tag?post=1418"}],"curies":[{"name":"wp","href":"https:\/\/api.w.org\/{rel}","templated":true}]}}