{"id":1696,"date":"2024-02-09T12:50:27","date_gmt":"2024-02-09T11:50:27","guid":{"rendered":"https:\/\/www.montesapc.com\/?post_type=product&#038;p=1696"},"modified":"2026-02-11T11:21:59","modified_gmt":"2026-02-11T10:21:59","slug":"gres-lc79-polvo-25kg","status":"publish","type":"product","link":"https:\/\/www.montesapc.com\/fr\/produit\/gres-lc79-polvo-25kg\/","title":{"rendered":"GRES LC79 POLVO (25Kg)"},"content":{"rendered":"<p>GRES EN POLVO LC79<\/p>\n<p>Coloraci\u00f3n extra blanca con buena velocidad de formaci\u00f3n de capa.<\/p>\n<p>Adecuada tanto para torno como para modelado.<\/p>\n<p>Recomendada para cer\u00e1mica de uso decorativo y utilitario.<\/p>\n<p>Acabado muy fino similar a la porcelana.<\/p>\n<p>Se puede introducir en lavavajillas y microondas.<\/p>\n<p>Temperatura de cocci\u00f3n recomendada 1130\u00ba-1150\u00baC<\/p>\n<p><strong>Formato<\/strong>:<\/p>\n<p>Sacos de 25 Kg.<\/p>","protected":false},"excerpt":{"rendered":"<p>GRES EN POLVO LC79 Coloraci\u00f3n extra blanca con buena velocidad de formaci\u00f3n de capa. Adecuada tanto para torno como para modelado. Recomendada para cer\u00e1mica de uso decorativo y utilitario. Acabado muy fino similar a la porcelana. Se puede introducir en lavavajillas y microondas. Temperatura de cocci\u00f3n recomendada 1130\u00ba-1150\u00baC Formato: Sacos de 25 Kg.<\/p>","protected":false},"featured_media":2840,"comment_status":"open","ping_status":"closed","template":"","meta":{"_acf_changed":false},"product_brand":[],"product_cat":[119,126,16],"product_tag":[],"class_list":{"0":"post-1696","1":"product","2":"type-product","3":"status-publish","4":"has-post-thumbnail","6":"product_cat-greses","7":"product_cat-greses-media-temperatura","8":"product_cat-pastas-ceramicas","10":"first","11":"instock","12":"shipping-taxable","13":"purchasable","14":"product-type-simple"},"acf":[],"_links":{"self":[{"href":"https:\/\/www.montesapc.com\/fr\/wp-json\/wp\/v2\/product\/1696","targetHints":{"allow":["GET"]}}],"collection":[{"href":"https:\/\/www.montesapc.com\/fr\/wp-json\/wp\/v2\/product"}],"about":[{"href":"https:\/\/www.montesapc.com\/fr\/wp-json\/wp\/v2\/types\/product"}],"replies":[{"embeddable":true,"href":"https:\/\/www.montesapc.com\/fr\/wp-json\/wp\/v2\/comments?post=1696"}],"wp:featuredmedia":[{"embeddable":true,"href":"https:\/\/www.montesapc.com\/fr\/wp-json\/wp\/v2\/media\/2840"}],"wp:attachment":[{"href":"https:\/\/www.montesapc.com\/fr\/wp-json\/wp\/v2\/media?parent=1696"}],"wp:term":[{"taxonomy":"product_brand","embeddable":true,"href":"https:\/\/www.montesapc.com\/fr\/wp-json\/wp\/v2\/product_brand?post=1696"},{"taxonomy":"product_cat","embeddable":true,"href":"https:\/\/www.montesapc.com\/fr\/wp-json\/wp\/v2\/product_cat?post=1696"},{"taxonomy":"product_tag","embeddable":true,"href":"https:\/\/www.montesapc.com\/fr\/wp-json\/wp\/v2\/product_tag?post=1696"}],"curies":[{"name":"wp","href":"https:\/\/api.w.org\/{rel}","templated":true}]}}