{"id":292,"date":"2023-07-17T17:00:38","date_gmt":"2023-07-17T15:00:38","guid":{"rendered":"https:\/\/neftis.com.es\/montesa\/producto\/m-5\/"},"modified":"2025-09-26T08:23:43","modified_gmt":"2025-09-26T06:23:43","slug":"pasta-m5-125kg","status":"publish","type":"product","link":"https:\/\/www.montesapc.com\/fr\/produit\/pasta-m5-125kg\/","title":{"rendered":"PASTA M5 (12,5Kg)"},"content":{"rendered":"<p>PASTA CER\u00c1MICA EXTRUSIONADA M5<\/p>\n<p>Pasta de loza calc\u00e1rea de cocci\u00f3n extra blanca.<\/p>\n<p>Su composici\u00f3n mantiene unas condiciones estables para unas<\/p>\n<p>temperaturas de cocci\u00f3n comprendidas entre 1000\u00ba C y 1050\u00ba C.<\/p>\n<p>Adecuada para torno y modelado.<\/p>\n<p>Apta para su uso en microondas-<\/p>\n<p>&nbsp;<\/p>\n<p><strong>Fomato<\/strong>:<\/p>\n<p>Pastilla 12\u00b45 Kg<\/p>","protected":false},"excerpt":{"rendered":"<p>PASTA CER\u00c1MICA EXTRUSIONADA M5 Pasta de loza calc\u00e1rea de cocci\u00f3n extra blanca. Su composici\u00f3n mantiene unas condiciones estables para unas temperaturas de cocci\u00f3n comprendidas entre 1000\u00ba C y 1050\u00ba C. Adecuada para torno y modelado. Apta para su uso en microondas- &nbsp; Fomato: Pastilla 12\u00b45 Kg<\/p>","protected":false},"featured_media":2841,"comment_status":"closed","ping_status":"closed","template":"","meta":{"_acf_changed":false},"product_brand":[],"product_cat":[16,17,40,41],"product_tag":[],"class_list":{"0":"post-292","1":"product","2":"type-product","3":"status-publish","4":"has-post-thumbnail","6":"product_cat-pastas-ceramicas","7":"product_cat-pastas-ceramicas-blancas","8":"product_cat-pastas-ceramicas-blancas-baja","9":"product_cat-extrusionadas-baja","11":"first","12":"instock","13":"purchasable","14":"product-type-simple"},"acf":[],"_links":{"self":[{"href":"https:\/\/www.montesapc.com\/fr\/wp-json\/wp\/v2\/product\/292","targetHints":{"allow":["GET"]}}],"collection":[{"href":"https:\/\/www.montesapc.com\/fr\/wp-json\/wp\/v2\/product"}],"about":[{"href":"https:\/\/www.montesapc.com\/fr\/wp-json\/wp\/v2\/types\/product"}],"replies":[{"embeddable":true,"href":"https:\/\/www.montesapc.com\/fr\/wp-json\/wp\/v2\/comments?post=292"}],"wp:featuredmedia":[{"embeddable":true,"href":"https:\/\/www.montesapc.com\/fr\/wp-json\/wp\/v2\/media\/2841"}],"wp:attachment":[{"href":"https:\/\/www.montesapc.com\/fr\/wp-json\/wp\/v2\/media?parent=292"}],"wp:term":[{"taxonomy":"product_brand","embeddable":true,"href":"https:\/\/www.montesapc.com\/fr\/wp-json\/wp\/v2\/product_brand?post=292"},{"taxonomy":"product_cat","embeddable":true,"href":"https:\/\/www.montesapc.com\/fr\/wp-json\/wp\/v2\/product_cat?post=292"},{"taxonomy":"product_tag","embeddable":true,"href":"https:\/\/www.montesapc.com\/fr\/wp-json\/wp\/v2\/product_tag?post=292"}],"curies":[{"name":"wp","href":"https:\/\/api.w.org\/{rel}","templated":true}]}}