{"id":303,"date":"2023-07-17T17:00:38","date_gmt":"2023-07-17T15:00:38","guid":{"rendered":"https:\/\/neftis.com.es\/montesa\/producto\/lt-11\/"},"modified":"2025-01-23T08:41:22","modified_gmt":"2025-01-23T07:41:22","slug":"lt11","status":"publish","type":"product","link":"https:\/\/www.montesapc.com\/fr\/produit\/lt11\/","title":{"rendered":"LT 11"},"content":{"rendered":"<p>BARBOTINA PARA COLADO LT 11.<\/p>\n<p>Pasta de loza calc\u00e1reo-feldesp\u00e1tica de cocci\u00f3n muy blanca.<\/p>\n<p>Con buena resistencia al choque t\u00e9rmico, recomendable para curvas muy r\u00e1pidas<\/p>\n<p>o ciclos de varias cocciones (tercer fuego y decoraciones especiales).<\/p>\n<p>Adecuada para cualquier forma de trabajo en procesos de colado.<\/p>\n<p>Buena velocidad de formaci\u00f3n de capa.<\/p>\n<p><strong>Formato<\/strong>:<\/p>","protected":false},"excerpt":{"rendered":"<p>BARBOTINA PARA COLADO LT 11. Pasta de loza calc\u00e1reo-feldesp\u00e1tica de cocci\u00f3n muy blanca. Con buena resistencia al choque t\u00e9rmico, recomendable para curvas muy r\u00e1pidas o ciclos de varias cocciones (tercer fuego y decoraciones especiales). Adecuada para cualquier forma de trabajo en procesos de colado. Buena velocidad de formaci\u00f3n de capa. Formato:<\/p>","protected":false},"featured_media":2837,"comment_status":"closed","ping_status":"closed","template":"","meta":{"_acf_changed":false},"product_brand":[],"product_cat":[16,17,40,42],"product_tag":[],"class_list":{"0":"post-303","1":"product","2":"type-product","3":"status-publish","4":"has-post-thumbnail","6":"product_cat-pastas-ceramicas","7":"product_cat-pastas-ceramicas-blancas","8":"product_cat-pastas-ceramicas-blancas-baja","9":"product_cat-de-colado-baja","11":"first","12":"instock","13":"purchasable","14":"product-type-variable"},"acf":[],"_links":{"self":[{"href":"https:\/\/www.montesapc.com\/fr\/wp-json\/wp\/v2\/product\/303","targetHints":{"allow":["GET"]}}],"collection":[{"href":"https:\/\/www.montesapc.com\/fr\/wp-json\/wp\/v2\/product"}],"about":[{"href":"https:\/\/www.montesapc.com\/fr\/wp-json\/wp\/v2\/types\/product"}],"replies":[{"embeddable":true,"href":"https:\/\/www.montesapc.com\/fr\/wp-json\/wp\/v2\/comments?post=303"}],"wp:featuredmedia":[{"embeddable":true,"href":"https:\/\/www.montesapc.com\/fr\/wp-json\/wp\/v2\/media\/2837"}],"wp:attachment":[{"href":"https:\/\/www.montesapc.com\/fr\/wp-json\/wp\/v2\/media?parent=303"}],"wp:term":[{"taxonomy":"product_brand","embeddable":true,"href":"https:\/\/www.montesapc.com\/fr\/wp-json\/wp\/v2\/product_brand?post=303"},{"taxonomy":"product_cat","embeddable":true,"href":"https:\/\/www.montesapc.com\/fr\/wp-json\/wp\/v2\/product_cat?post=303"},{"taxonomy":"product_tag","embeddable":true,"href":"https:\/\/www.montesapc.com\/fr\/wp-json\/wp\/v2\/product_tag?post=303"}],"curies":[{"name":"wp","href":"https:\/\/api.w.org\/{rel}","templated":true}]}}