{"id":3367,"date":"2025-01-23T15:16:23","date_gmt":"2025-01-23T14:16:23","guid":{"rendered":"https:\/\/www.montesapc.com\/?post_type=product&#038;p=3367"},"modified":"2025-07-10T14:38:39","modified_gmt":"2025-07-10T12:38:39","slug":"pasta-pm-101-125-kg","status":"publish","type":"product","link":"https:\/\/www.montesapc.com\/fr\/produit\/pasta-pm-101-125-kg\/","title":{"rendered":"PASTA PM 101 (12,5 Kg)"},"content":{"rendered":"<p>PASTA EXTRUSIONADA PM 101<\/p>\n<p>Loza calc\u00e1rea de color blanco hueso o blanco roto.<\/p>\n<p>Adecuada para el torno y el modelado.<\/p>\n<p>Recomendada para cer\u00e1mica de uso decorativo y utilitario.<\/p>\n<p>Apto para microondas.<\/p>\n<p>Temperatura de cocci\u00f3n aconsejable: 1025 \u00baC<\/p>\n<p><strong>Formato<\/strong>:<\/p>\n<p>Pastillas 12\u00b45 Kg.<\/p>","protected":false},"excerpt":{"rendered":"<p>PASTA EXTRUSIONADA PM 101 Loza calc\u00e1rea de color blanco hueso o blanco roto. Adecuada para el torno y el modelado. Recomendada para cer\u00e1mica de uso decorativo y utilitario. Apto para microondas. Temperatura de cocci\u00f3n aconsejable: 1025 \u00baC Formato: Pastillas 12\u00b45 Kg.<\/p>","protected":false},"featured_media":2842,"comment_status":"open","ping_status":"closed","template":"","meta":{"_acf_changed":false},"product_brand":[],"product_cat":[16,17,40,41],"product_tag":[],"class_list":{"0":"post-3367","1":"product","2":"type-product","3":"status-publish","4":"has-post-thumbnail","6":"product_cat-pastas-ceramicas","7":"product_cat-pastas-ceramicas-blancas","8":"product_cat-pastas-ceramicas-blancas-baja","9":"product_cat-extrusionadas-baja","11":"first","12":"instock","13":"shipping-taxable","14":"purchasable","15":"product-type-simple"},"acf":[],"_links":{"self":[{"href":"https:\/\/www.montesapc.com\/fr\/wp-json\/wp\/v2\/product\/3367","targetHints":{"allow":["GET"]}}],"collection":[{"href":"https:\/\/www.montesapc.com\/fr\/wp-json\/wp\/v2\/product"}],"about":[{"href":"https:\/\/www.montesapc.com\/fr\/wp-json\/wp\/v2\/types\/product"}],"replies":[{"embeddable":true,"href":"https:\/\/www.montesapc.com\/fr\/wp-json\/wp\/v2\/comments?post=3367"}],"wp:featuredmedia":[{"embeddable":true,"href":"https:\/\/www.montesapc.com\/fr\/wp-json\/wp\/v2\/media\/2842"}],"wp:attachment":[{"href":"https:\/\/www.montesapc.com\/fr\/wp-json\/wp\/v2\/media?parent=3367"}],"wp:term":[{"taxonomy":"product_brand","embeddable":true,"href":"https:\/\/www.montesapc.com\/fr\/wp-json\/wp\/v2\/product_brand?post=3367"},{"taxonomy":"product_cat","embeddable":true,"href":"https:\/\/www.montesapc.com\/fr\/wp-json\/wp\/v2\/product_cat?post=3367"},{"taxonomy":"product_tag","embeddable":true,"href":"https:\/\/www.montesapc.com\/fr\/wp-json\/wp\/v2\/product_tag?post=3367"}],"curies":[{"name":"wp","href":"https:\/\/api.w.org\/{rel}","templated":true}]}}