{"id":3409,"date":"2025-01-30T12:36:01","date_gmt":"2025-01-30T11:36:01","guid":{"rendered":"https:\/\/www.montesapc.com\/?post_type=product&#038;p=3409"},"modified":"2025-11-04T11:18:18","modified_gmt":"2025-11-04T10:18:18","slug":"emb-02-028-esmalte-blanco-brillo","status":"publish","type":"product","link":"https:\/\/www.montesapc.com\/fr\/produit\/emb-02-028-esmalte-blanco-brillo\/","title":{"rendered":"EMB 02\/028 ESMALTE BLANCO BRILLO"},"content":{"rendered":"<p>ESMALTE EMB 02\/028 BLANCO BRILLO<\/p>\n<p>Id\u00f3neo para inmersi\u00f3n<\/p>\n<p>Apto para cer\u00e1mica decorativa y utilitaria, (vajillas, tazas, platos, etc.)<\/p>\n<p>Temperatura cocci\u00f3n: 1100\u00ba &#8211; 1130\u00ba C<\/p>\n<p>Formato: 1Kg\/polvo<\/p>","protected":false},"excerpt":{"rendered":"<p>ESMALTE EMB 02\/028 BLANCO BRILLO Id\u00f3neo para inmersi\u00f3n Apto para cer\u00e1mica decorativa y utilitaria, (vajillas, tazas, platos, etc.) Temperatura cocci\u00f3n: 1100\u00ba &#8211; 1130\u00ba C Formato: 1Kg\/polvo<\/p>","protected":false},"featured_media":2486,"comment_status":"open","ping_status":"closed","template":"","meta":{"_acf_changed":false},"product_brand":[],"product_cat":[21,106,52],"product_tag":[],"class_list":{"0":"post-3409","1":"product","2":"type-product","3":"status-publish","4":"has-post-thumbnail","6":"product_cat-esmaltes-ceramicos","7":"product_cat-esmaltes-media-blancos","8":"product_cat-esmaltes-media-temperatura","10":"first","11":"instock","12":"shipping-taxable","13":"purchasable","14":"product-type-simple"},"acf":[],"_links":{"self":[{"href":"https:\/\/www.montesapc.com\/fr\/wp-json\/wp\/v2\/product\/3409","targetHints":{"allow":["GET"]}}],"collection":[{"href":"https:\/\/www.montesapc.com\/fr\/wp-json\/wp\/v2\/product"}],"about":[{"href":"https:\/\/www.montesapc.com\/fr\/wp-json\/wp\/v2\/types\/product"}],"replies":[{"embeddable":true,"href":"https:\/\/www.montesapc.com\/fr\/wp-json\/wp\/v2\/comments?post=3409"}],"wp:featuredmedia":[{"embeddable":true,"href":"https:\/\/www.montesapc.com\/fr\/wp-json\/wp\/v2\/media\/2486"}],"wp:attachment":[{"href":"https:\/\/www.montesapc.com\/fr\/wp-json\/wp\/v2\/media?parent=3409"}],"wp:term":[{"taxonomy":"product_brand","embeddable":true,"href":"https:\/\/www.montesapc.com\/fr\/wp-json\/wp\/v2\/product_brand?post=3409"},{"taxonomy":"product_cat","embeddable":true,"href":"https:\/\/www.montesapc.com\/fr\/wp-json\/wp\/v2\/product_cat?post=3409"},{"taxonomy":"product_tag","embeddable":true,"href":"https:\/\/www.montesapc.com\/fr\/wp-json\/wp\/v2\/product_tag?post=3409"}],"curies":[{"name":"wp","href":"https:\/\/api.w.org\/{rel}","templated":true}]}}