{"id":349,"date":"2023-07-17T17:01:36","date_gmt":"2023-07-17T15:01:36","guid":{"rendered":"https:\/\/neftis.com.es\/montesa\/producto\/emc-05-111-esmalte-aguamarina-oscuro-brillo\/"},"modified":"2025-11-14T11:25:33","modified_gmt":"2025-11-14T10:25:33","slug":"emc-05-111-esmalte-aguamarina-oscuro-brillo","status":"publish","type":"product","link":"https:\/\/www.montesapc.com\/fr\/produit\/emc-05-111-esmalte-aguamarina-oscuro-brillo\/","title":{"rendered":"EMC 05\/111 &#8211; ESMALTE AGUAMARINA OSCURO BRILLO"},"content":{"rendered":"<p>ESMALTE\u00a0 EMC 05\/111 AGUAMARINA OSCURO<\/p>\n<p>Id\u00f3neo para inmersi\u00f3n<\/p>\n<p>Apto para cer\u00e1mica decorativa y utilitaria (vajillas, tazas, platos, etc)<\/p>\n<p>Temperatura cocci\u00f3n: 980\u00ba &#8211; 1000\u00ba C<\/p>\n<p>Formato: 1Kg \/ polvo<\/p>","protected":false},"excerpt":{"rendered":"<p>ESMALTE\u00a0 EMC 05\/111 AGUAMARINA OSCURO Id\u00f3neo para inmersi\u00f3n Apto para cer\u00e1mica decorativa y utilitaria (vajillas, tazas, platos, etc) Temperatura cocci\u00f3n: 980\u00ba &#8211; 1000\u00ba C Formato: 1Kg \/ polvo<\/p>","protected":false},"featured_media":2390,"comment_status":"closed","ping_status":"closed","template":"","meta":{"_acf_changed":false},"product_brand":[],"product_cat":[21,22],"product_tag":[],"class_list":{"0":"post-349","1":"product","2":"type-product","3":"status-publish","4":"has-post-thumbnail","6":"product_cat-esmaltes-ceramicos","7":"product_cat-esmaltes-baja-temperatura","9":"first","10":"instock","11":"purchasable","12":"product-type-simple"},"acf":[],"_links":{"self":[{"href":"https:\/\/www.montesapc.com\/fr\/wp-json\/wp\/v2\/product\/349","targetHints":{"allow":["GET"]}}],"collection":[{"href":"https:\/\/www.montesapc.com\/fr\/wp-json\/wp\/v2\/product"}],"about":[{"href":"https:\/\/www.montesapc.com\/fr\/wp-json\/wp\/v2\/types\/product"}],"replies":[{"embeddable":true,"href":"https:\/\/www.montesapc.com\/fr\/wp-json\/wp\/v2\/comments?post=349"}],"wp:featuredmedia":[{"embeddable":true,"href":"https:\/\/www.montesapc.com\/fr\/wp-json\/wp\/v2\/media\/2390"}],"wp:attachment":[{"href":"https:\/\/www.montesapc.com\/fr\/wp-json\/wp\/v2\/media?parent=349"}],"wp:term":[{"taxonomy":"product_brand","embeddable":true,"href":"https:\/\/www.montesapc.com\/fr\/wp-json\/wp\/v2\/product_brand?post=349"},{"taxonomy":"product_cat","embeddable":true,"href":"https:\/\/www.montesapc.com\/fr\/wp-json\/wp\/v2\/product_cat?post=349"},{"taxonomy":"product_tag","embeddable":true,"href":"https:\/\/www.montesapc.com\/fr\/wp-json\/wp\/v2\/product_tag?post=349"}],"curies":[{"name":"wp","href":"https:\/\/api.w.org\/{rel}","templated":true}]}}