{"id":3837,"date":"2025-09-23T13:06:57","date_gmt":"2025-09-23T11:06:57","guid":{"rendered":"https:\/\/www.montesapc.com\/?post_type=product&#038;p=3837"},"modified":"2025-11-11T09:35:04","modified_gmt":"2025-11-11T08:35:04","slug":"cbb-06-101-esmalte-amarillo-cremoso","status":"publish","type":"product","link":"https:\/\/www.montesapc.com\/fr\/produit\/cbb-06-101-esmalte-amarillo-cremoso\/","title":{"rendered":"CBB 06\/101 ESMALTE AMARILLO CREMOSO"},"content":{"rendered":"<p>ESMALTE CBB 06\/101 AMARILLO CREMOSO<\/p>\n<p>Id\u00f3neo para aplicar a pincel.<\/p>\n<p>Apto para cer\u00e1mica decorativa y utilitaria, (vajillas, tazas, platos, etc.)<\/p>\n<p>Temperatura cocci\u00f3n: 980\u00ba &#8211; 1000\u00ba C.<\/p>\n<p>Formato: 750 gr.<\/p>","protected":false},"excerpt":{"rendered":"<p>ESMALTE CBB 06\/101 AMARILLO CREMOSO Id\u00f3neo para aplicar a pincel. Apto para cer\u00e1mica decorativa y utilitaria, (vajillas, tazas, platos, etc.) Temperatura cocci\u00f3n: 980\u00ba &#8211; 1000\u00ba C. Formato: 750 gr.<\/p>","protected":false},"featured_media":2377,"comment_status":"open","ping_status":"closed","template":"","meta":{"_acf_changed":false},"product_brand":[],"product_cat":[177,15,21,22],"product_tag":[],"class_list":{"0":"post-3837","1":"product","2":"type-product","3":"status-publish","4":"has-post-thumbnail","6":"product_cat-esmaltes-baja-cremosos-brillo","7":"product_cat-sin-categorizar","8":"product_cat-esmaltes-ceramicos","9":"product_cat-esmaltes-baja-temperatura","11":"first","12":"instock","13":"shipping-taxable","14":"purchasable","15":"product-type-simple"},"acf":[],"_links":{"self":[{"href":"https:\/\/www.montesapc.com\/fr\/wp-json\/wp\/v2\/product\/3837","targetHints":{"allow":["GET"]}}],"collection":[{"href":"https:\/\/www.montesapc.com\/fr\/wp-json\/wp\/v2\/product"}],"about":[{"href":"https:\/\/www.montesapc.com\/fr\/wp-json\/wp\/v2\/types\/product"}],"replies":[{"embeddable":true,"href":"https:\/\/www.montesapc.com\/fr\/wp-json\/wp\/v2\/comments?post=3837"}],"wp:featuredmedia":[{"embeddable":true,"href":"https:\/\/www.montesapc.com\/fr\/wp-json\/wp\/v2\/media\/2377"}],"wp:attachment":[{"href":"https:\/\/www.montesapc.com\/fr\/wp-json\/wp\/v2\/media?parent=3837"}],"wp:term":[{"taxonomy":"product_brand","embeddable":true,"href":"https:\/\/www.montesapc.com\/fr\/wp-json\/wp\/v2\/product_brand?post=3837"},{"taxonomy":"product_cat","embeddable":true,"href":"https:\/\/www.montesapc.com\/fr\/wp-json\/wp\/v2\/product_cat?post=3837"},{"taxonomy":"product_tag","embeddable":true,"href":"https:\/\/www.montesapc.com\/fr\/wp-json\/wp\/v2\/product_tag?post=3837"}],"curies":[{"name":"wp","href":"https:\/\/api.w.org\/{rel}","templated":true}]}}