{"id":3867,"date":"2025-09-24T09:35:49","date_gmt":"2025-09-24T07:35:49","guid":{"rendered":"https:\/\/www.montesapc.com\/?post_type=product&#038;p=3867"},"modified":"2025-11-11T09:17:49","modified_gmt":"2025-11-11T08:17:49","slug":"cbb-16-101-esmalte-gris-claro-cremoso","status":"publish","type":"product","link":"https:\/\/www.montesapc.com\/fr\/produit\/cbb-16-101-esmalte-gris-claro-cremoso\/","title":{"rendered":"CBB 16\/101 ESMALTE GRIS CLARO CREMOSO"},"content":{"rendered":"<p>ESMALTE CBB 16\/101 GRIS CLARO CREMOSO<\/p>\n<p>Id\u00f3neo para aplicar a pincel.<\/p>\n<p>Apto para cer\u00e1mica decorativa y utilitaria, (vajillas, tazas, platos, etc.)<\/p>\n<p>Temperatura cocci\u00f3n: 980\u00ba &#8211; 1000\u00ba C.<\/p>\n<p>Formato: 750 gr.<\/p>","protected":false},"excerpt":{"rendered":"<p>ESMALTE CBB 16\/101 GRIS CLARO CREMOSO Id\u00f3neo para aplicar a pincel. Apto para cer\u00e1mica decorativa y utilitaria, (vajillas, tazas, platos, etc.) Temperatura cocci\u00f3n: 980\u00ba &#8211; 1000\u00ba C. Formato: 750 gr.<\/p>","protected":false},"featured_media":2404,"comment_status":"open","ping_status":"closed","template":"","meta":{"_acf_changed":false},"product_brand":[],"product_cat":[21,177,22],"product_tag":[],"class_list":{"0":"post-3867","1":"product","2":"type-product","3":"status-publish","4":"has-post-thumbnail","6":"product_cat-esmaltes-ceramicos","7":"product_cat-esmaltes-baja-cremosos-brillo","8":"product_cat-esmaltes-baja-temperatura","10":"first","11":"instock","12":"shipping-taxable","13":"purchasable","14":"product-type-simple"},"acf":[],"_links":{"self":[{"href":"https:\/\/www.montesapc.com\/fr\/wp-json\/wp\/v2\/product\/3867","targetHints":{"allow":["GET"]}}],"collection":[{"href":"https:\/\/www.montesapc.com\/fr\/wp-json\/wp\/v2\/product"}],"about":[{"href":"https:\/\/www.montesapc.com\/fr\/wp-json\/wp\/v2\/types\/product"}],"replies":[{"embeddable":true,"href":"https:\/\/www.montesapc.com\/fr\/wp-json\/wp\/v2\/comments?post=3867"}],"wp:featuredmedia":[{"embeddable":true,"href":"https:\/\/www.montesapc.com\/fr\/wp-json\/wp\/v2\/media\/2404"}],"wp:attachment":[{"href":"https:\/\/www.montesapc.com\/fr\/wp-json\/wp\/v2\/media?parent=3867"}],"wp:term":[{"taxonomy":"product_brand","embeddable":true,"href":"https:\/\/www.montesapc.com\/fr\/wp-json\/wp\/v2\/product_brand?post=3867"},{"taxonomy":"product_cat","embeddable":true,"href":"https:\/\/www.montesapc.com\/fr\/wp-json\/wp\/v2\/product_cat?post=3867"},{"taxonomy":"product_tag","embeddable":true,"href":"https:\/\/www.montesapc.com\/fr\/wp-json\/wp\/v2\/product_tag?post=3867"}],"curies":[{"name":"wp","href":"https:\/\/api.w.org\/{rel}","templated":true}]}}