{"id":412,"date":"2023-07-17T17:02:03","date_gmt":"2023-07-17T15:02:03","guid":{"rendered":"https:\/\/neftis.com.es\/montesa\/producto\/emm-15-507-esmalte-marron-chocolate-mate-s-pb\/"},"modified":"2025-11-14T12:08:35","modified_gmt":"2025-11-14T11:08:35","slug":"emm-15-507-esmalte-marron-chocolate-mate","status":"publish","type":"product","link":"https:\/\/www.montesapc.com\/fr\/produit\/emm-15-507-esmalte-marron-chocolate-mate\/","title":{"rendered":"EMM 15\/507-ESMALTE MARR\u00d3N CHOCOLATE MATE"},"content":{"rendered":"<p>ESMALTE\u00a0 EMM 15\/507 MARR\u00d3N CHOCOLATE<\/p>\n<p>Id\u00f3neo para inmersi\u00f3n<\/p>\n<p>Apto para cer\u00e1mica decorativa y utilitaria (vajillas, tazas, platos, etc.)<\/p>\n<p>Temperatura cocci\u00f3n: 980\u00ba C<\/p>\n<p>Formato: 1 Kg\/ polvo<\/p>","protected":false},"excerpt":{"rendered":"<p>ESMALTE\u00a0 EMM 15\/507 MARR\u00d3N CHOCOLATE Id\u00f3neo para inmersi\u00f3n Apto para cer\u00e1mica decorativa y utilitaria (vajillas, tazas, platos, etc.) Temperatura cocci\u00f3n: 980\u00ba C Formato: 1 Kg\/ polvo<\/p>","protected":false},"featured_media":2431,"comment_status":"closed","ping_status":"closed","template":"","meta":{"_acf_changed":false},"product_brand":[],"product_cat":[112,21,22],"product_tag":[],"class_list":{"0":"post-412","1":"product","2":"type-product","3":"status-publish","4":"has-post-thumbnail","6":"product_cat-esmaltes-baja-coloreados-mate","7":"product_cat-esmaltes-ceramicos","8":"product_cat-esmaltes-baja-temperatura","10":"first","11":"instock","12":"purchasable","13":"product-type-simple"},"acf":[],"_links":{"self":[{"href":"https:\/\/www.montesapc.com\/fr\/wp-json\/wp\/v2\/product\/412","targetHints":{"allow":["GET"]}}],"collection":[{"href":"https:\/\/www.montesapc.com\/fr\/wp-json\/wp\/v2\/product"}],"about":[{"href":"https:\/\/www.montesapc.com\/fr\/wp-json\/wp\/v2\/types\/product"}],"replies":[{"embeddable":true,"href":"https:\/\/www.montesapc.com\/fr\/wp-json\/wp\/v2\/comments?post=412"}],"wp:featuredmedia":[{"embeddable":true,"href":"https:\/\/www.montesapc.com\/fr\/wp-json\/wp\/v2\/media\/2431"}],"wp:attachment":[{"href":"https:\/\/www.montesapc.com\/fr\/wp-json\/wp\/v2\/media?parent=412"}],"wp:term":[{"taxonomy":"product_brand","embeddable":true,"href":"https:\/\/www.montesapc.com\/fr\/wp-json\/wp\/v2\/product_brand?post=412"},{"taxonomy":"product_cat","embeddable":true,"href":"https:\/\/www.montesapc.com\/fr\/wp-json\/wp\/v2\/product_cat?post=412"},{"taxonomy":"product_tag","embeddable":true,"href":"https:\/\/www.montesapc.com\/fr\/wp-json\/wp\/v2\/product_tag?post=412"}],"curies":[{"name":"wp","href":"https:\/\/api.w.org\/{rel}","templated":true}]}}