{"id":4199,"date":"2025-11-21T14:42:00","date_gmt":"2025-11-21T13:42:00","guid":{"rendered":"https:\/\/www.montesapc.com\/?post_type=product&#038;p=4199"},"modified":"2026-01-08T13:12:41","modified_gmt":"2026-01-08T12:12:41","slug":"kit-ceramico","status":"publish","type":"product","link":"https:\/\/www.montesapc.com\/fr\/produit\/kit-ceramico\/","title":{"rendered":"KIT CER\u00c1MICO DE ARCILLA AUTOENDURECIBLE"},"content":{"rendered":"<p><span style=\"font-weight: 400;\">Arcilla autoendurecible con textura suave, para modelar y pintar.<\/span><\/p>\n<p><span style=\"font-weight: 400;\">Para crear sin l\u00edmites y de forma segura.\u00a0<\/span><\/p>\n<p><span style=\"font-weight: 400;\">Secado al aire de 24-48 horas, sin horno.<\/span><\/p>\n<p><span style=\"font-weight: 400;\">Dise\u00f1ada para la iniciaci\u00f3n en la cer\u00e1mica decorativa.<\/span><\/p>\n<p><span style=\"font-weight: 400;\">Apta para todas las edades (a partir de 3 a\u00f1os).<\/span><\/p>\n<p><span style=\"font-weight: 400;\">No t\u00f3xica<\/span><\/p>\n<p>&nbsp;<\/p>\n<p><span style=\"font-weight: 400;\">\u00a0<\/span><\/p>","protected":false},"excerpt":{"rendered":"<h2><strong>\u00bfQue incluye el Kit Cer\u00e1mico?<\/strong><\/h2>\n<div style=\"width: 800px;\" class=\"wp-video\"><video class=\"wp-video-shortcode\" id=\"video-4199-1\" width=\"800\" height=\"450\" preload=\"metadata\" controls=\"controls\"><source type=\"video\/mp4\" src=\"https:\/\/www.montesapc.com\/wp-content\/uploads\/2025\/11\/v1.mp4?_=1\" \/><a href=\"https:\/\/www.montesapc.com\/wp-content\/uploads\/2025\/11\/v1.mp4\">https:\/\/www.montesapc.com\/wp-content\/uploads\/2025\/11\/v1.mp4<\/a><\/video><\/div>","protected":false},"featured_media":4207,"comment_status":"open","ping_status":"closed","template":"","meta":{"_acf_changed":false},"product_brand":[],"product_cat":[133,16,28],"product_tag":[],"class_list":{"0":"post-4199","1":"product","2":"type-product","3":"status-publish","4":"has-post-thumbnail","6":"product_cat-herramientas","7":"product_cat-pastas-ceramicas","8":"product_cat-pigmentos-color-decorativo","10":"first","11":"instock","12":"shipping-taxable","13":"purchasable","14":"product-type-simple"},"acf":[],"_links":{"self":[{"href":"https:\/\/www.montesapc.com\/fr\/wp-json\/wp\/v2\/product\/4199","targetHints":{"allow":["GET"]}}],"collection":[{"href":"https:\/\/www.montesapc.com\/fr\/wp-json\/wp\/v2\/product"}],"about":[{"href":"https:\/\/www.montesapc.com\/fr\/wp-json\/wp\/v2\/types\/product"}],"replies":[{"embeddable":true,"href":"https:\/\/www.montesapc.com\/fr\/wp-json\/wp\/v2\/comments?post=4199"}],"wp:featuredmedia":[{"embeddable":true,"href":"https:\/\/www.montesapc.com\/fr\/wp-json\/wp\/v2\/media\/4207"}],"wp:attachment":[{"href":"https:\/\/www.montesapc.com\/fr\/wp-json\/wp\/v2\/media?parent=4199"}],"wp:term":[{"taxonomy":"product_brand","embeddable":true,"href":"https:\/\/www.montesapc.com\/fr\/wp-json\/wp\/v2\/product_brand?post=4199"},{"taxonomy":"product_cat","embeddable":true,"href":"https:\/\/www.montesapc.com\/fr\/wp-json\/wp\/v2\/product_cat?post=4199"},{"taxonomy":"product_tag","embeddable":true,"href":"https:\/\/www.montesapc.com\/fr\/wp-json\/wp\/v2\/product_tag?post=4199"}],"curies":[{"name":"wp","href":"https:\/\/api.w.org\/{rel}","templated":true}]}}