{"id":471,"date":"2023-07-17T17:02:17","date_gmt":"2023-07-17T15:02:17","guid":{"rendered":"https:\/\/neftis.com.es\/montesa\/producto\/emi-07-101-esmalte-rojo-mate\/"},"modified":"2025-11-04T09:37:04","modified_gmt":"2025-11-04T08:37:04","slug":"emi-07-101-esmalte-rojo-mate","status":"publish","type":"product","link":"https:\/\/www.montesapc.com\/fr\/produit\/emi-07-101-esmalte-rojo-mate\/","title":{"rendered":"EMI 07\/101-ESMALTE ROJO MATE"},"content":{"rendered":"<p>ESMALTE EMI 07\/101 ROJO<\/p>\n<p>Id\u00f3neo para inmersi\u00f3n.<\/p>\n<p>Apto para cer\u00e1mica decorativa y utilitaria ( vajillas, tazas, platos, etc.)<\/p>\n<p>Temperatura cocci\u00f3n: 1100\u00ba C<\/p>\n<p>Formato: 1Kg\/ polvo<\/p>","protected":false},"excerpt":{"rendered":"<p>ESMALTE EMI 07\/101 ROJO Id\u00f3neo para inmersi\u00f3n. Apto para cer\u00e1mica decorativa y utilitaria ( vajillas, tazas, platos, etc.) Temperatura cocci\u00f3n: 1100\u00ba C Formato: 1Kg\/ polvo<\/p>","protected":false},"featured_media":2341,"comment_status":"closed","ping_status":"closed","template":"","meta":{"_acf_changed":false},"product_brand":[],"product_cat":[108,21,52],"product_tag":[],"class_list":{"0":"post-471","1":"product","2":"type-product","3":"status-publish","4":"has-post-thumbnail","6":"product_cat-esmaltes-media-coloreados-mate","7":"product_cat-esmaltes-ceramicos","8":"product_cat-esmaltes-media-temperatura","10":"first","11":"instock","12":"purchasable","13":"product-type-simple"},"acf":[],"_links":{"self":[{"href":"https:\/\/www.montesapc.com\/fr\/wp-json\/wp\/v2\/product\/471","targetHints":{"allow":["GET"]}}],"collection":[{"href":"https:\/\/www.montesapc.com\/fr\/wp-json\/wp\/v2\/product"}],"about":[{"href":"https:\/\/www.montesapc.com\/fr\/wp-json\/wp\/v2\/types\/product"}],"replies":[{"embeddable":true,"href":"https:\/\/www.montesapc.com\/fr\/wp-json\/wp\/v2\/comments?post=471"}],"wp:featuredmedia":[{"embeddable":true,"href":"https:\/\/www.montesapc.com\/fr\/wp-json\/wp\/v2\/media\/2341"}],"wp:attachment":[{"href":"https:\/\/www.montesapc.com\/fr\/wp-json\/wp\/v2\/media?parent=471"}],"wp:term":[{"taxonomy":"product_brand","embeddable":true,"href":"https:\/\/www.montesapc.com\/fr\/wp-json\/wp\/v2\/product_brand?post=471"},{"taxonomy":"product_cat","embeddable":true,"href":"https:\/\/www.montesapc.com\/fr\/wp-json\/wp\/v2\/product_cat?post=471"},{"taxonomy":"product_tag","embeddable":true,"href":"https:\/\/www.montesapc.com\/fr\/wp-json\/wp\/v2\/product_tag?post=471"}],"curies":[{"name":"wp","href":"https:\/\/api.w.org\/{rel}","templated":true}]}}