{"id":492,"date":"2023-07-17T17:02:28","date_gmt":"2023-07-17T15:02:28","guid":{"rendered":"https:\/\/neftis.com.es\/montesa\/producto\/eti-16-101-esmalte-gris-claro-brillo\/"},"modified":"2025-11-04T09:12:09","modified_gmt":"2025-11-04T08:12:09","slug":"eti-16-101-esmalte-gris-claro-brillo","status":"publish","type":"product","link":"https:\/\/www.montesapc.com\/fr\/produit\/eti-16-101-esmalte-gris-claro-brillo\/","title":{"rendered":"ETI 16\/101-ESMALTE GRIS CLARO BRILLO"},"content":{"rendered":"<p>ESMALTE ETI 16\/101 GRIS CLARO<\/p>\n<p>Id\u00f3neo para inmersi\u00f3n<\/p>\n<p>Apto para cer\u00e1mica decorativa y utilitaria, (vajillas, tazas, platos, etc.)<\/p>\n<p>Temperatura cocci\u00f3n: 1100\u00ba &#8211; 1130\u00ba C.<\/p>\n<p>Formato: 1Kg\/polvo<\/p>","protected":false},"excerpt":{"rendered":"<p>ESMALTE ETI 16\/101 GRIS CLARO Id\u00f3neo para inmersi\u00f3n Apto para cer\u00e1mica decorativa y utilitaria, (vajillas, tazas, platos, etc.) Temperatura cocci\u00f3n: 1100\u00ba &#8211; 1130\u00ba C. Formato: 1Kg\/polvo<\/p>","protected":false},"featured_media":2374,"comment_status":"closed","ping_status":"closed","template":"","meta":{"_acf_changed":false},"product_brand":[],"product_cat":[107,21,52],"product_tag":[],"class_list":{"0":"post-492","1":"product","2":"type-product","3":"status-publish","4":"has-post-thumbnail","6":"product_cat-esmaltes-media-coloreados-brillo","7":"product_cat-esmaltes-ceramicos","8":"product_cat-esmaltes-media-temperatura","10":"first","11":"instock","12":"purchasable","13":"product-type-simple"},"acf":[],"_links":{"self":[{"href":"https:\/\/www.montesapc.com\/fr\/wp-json\/wp\/v2\/product\/492","targetHints":{"allow":["GET"]}}],"collection":[{"href":"https:\/\/www.montesapc.com\/fr\/wp-json\/wp\/v2\/product"}],"about":[{"href":"https:\/\/www.montesapc.com\/fr\/wp-json\/wp\/v2\/types\/product"}],"replies":[{"embeddable":true,"href":"https:\/\/www.montesapc.com\/fr\/wp-json\/wp\/v2\/comments?post=492"}],"wp:featuredmedia":[{"embeddable":true,"href":"https:\/\/www.montesapc.com\/fr\/wp-json\/wp\/v2\/media\/2374"}],"wp:attachment":[{"href":"https:\/\/www.montesapc.com\/fr\/wp-json\/wp\/v2\/media?parent=492"}],"wp:term":[{"taxonomy":"product_brand","embeddable":true,"href":"https:\/\/www.montesapc.com\/fr\/wp-json\/wp\/v2\/product_brand?post=492"},{"taxonomy":"product_cat","embeddable":true,"href":"https:\/\/www.montesapc.com\/fr\/wp-json\/wp\/v2\/product_cat?post=492"},{"taxonomy":"product_tag","embeddable":true,"href":"https:\/\/www.montesapc.com\/fr\/wp-json\/wp\/v2\/product_tag?post=492"}],"curies":[{"name":"wp","href":"https:\/\/api.w.org\/{rel}","templated":true}]}}