{"id":508,"date":"2023-07-17T17:02:28","date_gmt":"2023-07-17T15:02:28","guid":{"rendered":"https:\/\/neftis.com.es\/montesa\/producto\/eti-09-102-esmalte-caramelo-brillo\/"},"modified":"2025-11-04T08:16:54","modified_gmt":"2025-11-04T07:16:54","slug":"eti-09-102-esmalte-caramelo-brillo","status":"publish","type":"product","link":"https:\/\/www.montesapc.com\/fr\/produit\/eti-09-102-esmalte-caramelo-brillo\/","title":{"rendered":"ETI 09\/102-ESMALTE CARAMELO BRILLO"},"content":{"rendered":"<p>ESMALTE ETI 09\/102 CARAMELO<\/p>\n<p>Id\u00f3neo para inmersi\u00f3n.<\/p>\n<p>Apto para cer\u00e1mica decorativa y utilitaria (vajillas, tazas, platos, etc.)<\/p>\n<p>Temperatura cocci\u00f3n: 1100\u00ba &#8211; 1130\u00ba C<\/p>\n<p>Formato: 1Kg\/polvo<\/p>","protected":false},"excerpt":{"rendered":"<p>ESMALTE ETI 09\/102 CARAMELO Id\u00f3neo para inmersi\u00f3n. Apto para cer\u00e1mica decorativa y utilitaria (vajillas, tazas, platos, etc.) Temperatura cocci\u00f3n: 1100\u00ba &#8211; 1130\u00ba C Formato: 1Kg\/polvo<\/p>","protected":false},"featured_media":2369,"comment_status":"closed","ping_status":"closed","template":"","meta":{"_acf_changed":false},"product_brand":[],"product_cat":[107,21,52],"product_tag":[],"class_list":{"0":"post-508","1":"product","2":"type-product","3":"status-publish","4":"has-post-thumbnail","6":"product_cat-esmaltes-media-coloreados-brillo","7":"product_cat-esmaltes-ceramicos","8":"product_cat-esmaltes-media-temperatura","10":"first","11":"instock","12":"purchasable","13":"product-type-simple"},"acf":[],"_links":{"self":[{"href":"https:\/\/www.montesapc.com\/fr\/wp-json\/wp\/v2\/product\/508","targetHints":{"allow":["GET"]}}],"collection":[{"href":"https:\/\/www.montesapc.com\/fr\/wp-json\/wp\/v2\/product"}],"about":[{"href":"https:\/\/www.montesapc.com\/fr\/wp-json\/wp\/v2\/types\/product"}],"replies":[{"embeddable":true,"href":"https:\/\/www.montesapc.com\/fr\/wp-json\/wp\/v2\/comments?post=508"}],"wp:featuredmedia":[{"embeddable":true,"href":"https:\/\/www.montesapc.com\/fr\/wp-json\/wp\/v2\/media\/2369"}],"wp:attachment":[{"href":"https:\/\/www.montesapc.com\/fr\/wp-json\/wp\/v2\/media?parent=508"}],"wp:term":[{"taxonomy":"product_brand","embeddable":true,"href":"https:\/\/www.montesapc.com\/fr\/wp-json\/wp\/v2\/product_brand?post=508"},{"taxonomy":"product_cat","embeddable":true,"href":"https:\/\/www.montesapc.com\/fr\/wp-json\/wp\/v2\/product_cat?post=508"},{"taxonomy":"product_tag","embeddable":true,"href":"https:\/\/www.montesapc.com\/fr\/wp-json\/wp\/v2\/product_tag?post=508"}],"curies":[{"name":"wp","href":"https:\/\/api.w.org\/{rel}","templated":true}]}}